{"id":4161,"date":"2023-11-20T16:50:14","date_gmt":"2023-11-20T15:50:14","guid":{"rendered":"https:\/\/mobitron.com\/?post_type=product&#038;p=4161"},"modified":"2024-05-23T13:09:26","modified_gmt":"2024-05-23T11:09:26","slug":"einbaukonsole-fur-das-metallgehause","status":"publish","type":"product","link":"https:\/\/mobitron.com\/de\/product\/installation-console-for-the-metal-case\/","title":{"rendered":"Sch\u00fctzendes Metallgeh\u00e4use, bel\u00fcftet"},"content":{"rendered":"<p>Das robuste Metallgeh\u00e4use sichert das Cargolog\u00ae-Ger\u00e4t bei der Installation der Ladung und sch\u00fctzt es vor mechanischen Besch\u00e4digungen. Die Bel\u00fcftung erm\u00f6glicht eine nahtlose Messung mit eingebauten Sensoren f\u00fcr Temperatur, Feuchtigkeit und Druck. Das robuste Geh\u00e4use l\u00e4sst sich leicht mit Schrauben oder Magneten befestigen und bietet zuverl\u00e4ssigen Schutz in anspruchsvollen industriellen Umgebungen. Es verf\u00fcgt \u00fcber eine IK09-Klassifizierung von &gt;7 Joule gem\u00e4\u00df der Norm IEC 62262.<\/p>","protected":false},"excerpt":{"rendered":"<p>Das robuste Metallgeh\u00e4use sch\u00fctzt das Cargolog\u00ae-Ger\u00e4t bei der Installation der Ladung und bietet Schutz vor mechanischen Besch\u00e4digungen in industriellen Umgebungen. Mit einer IK09-Klassifizierung gew\u00e4hrleistet es Haltbarkeit und Schutz.<\/p>","protected":false},"featured_media":4177,"template":"","meta":{"_acf_changed":false,"content-type":"","inline_featured_image":false},"product_brand":[],"product_cat":[38,169,170,168],"product_tag":[],"class_list":{"0":"post-4161","1":"product","2":"type-product","3":"status-publish","4":"has-post-thumbnail","6":"product_cat-attachments","7":"product_cat-tillbehor-till-condition-monitoring","8":"product_cat-tillbehor-till-data-logger-temperature","9":"product_cat-tillbehor-till-shocksensor","11":"first","12":"instock","13":"shipping-taxable","14":"purchasable","15":"product-type-variable","16":"has-default-attributes"},"acf":[],"_links":{"self":[{"href":"https:\/\/mobitron.com\/de\/wp-json\/wp\/v2\/product\/4161","targetHints":{"allow":["GET"]}}],"collection":[{"href":"https:\/\/mobitron.com\/de\/wp-json\/wp\/v2\/product"}],"about":[{"href":"https:\/\/mobitron.com\/de\/wp-json\/wp\/v2\/types\/product"}],"wp:featuredmedia":[{"embeddable":true,"href":"https:\/\/mobitron.com\/de\/wp-json\/wp\/v2\/media\/4177"}],"wp:attachment":[{"href":"https:\/\/mobitron.com\/de\/wp-json\/wp\/v2\/media?parent=4161"}],"wp:term":[{"taxonomy":"product_brand","embeddable":true,"href":"https:\/\/mobitron.com\/de\/wp-json\/wp\/v2\/product_brand?post=4161"},{"taxonomy":"product_cat","embeddable":true,"href":"https:\/\/mobitron.com\/de\/wp-json\/wp\/v2\/product_cat?post=4161"},{"taxonomy":"product_tag","embeddable":true,"href":"https:\/\/mobitron.com\/de\/wp-json\/wp\/v2\/product_tag?post=4161"}],"curies":[{"name":"wp","href":"https:\/\/api.w.org\/{rel}","templated":true}]}}