{"id":4115,"date":"2023-11-20T15:21:51","date_gmt":"2023-11-20T14:21:51","guid":{"rendered":"https:\/\/mobitron.com\/?post_type=product&#038;p=4115"},"modified":"2025-10-08T09:47:56","modified_gmt":"2025-10-08T07:47:56","slug":"ir-zu-usb-schnittstelle-topcom","status":"publish","type":"product","link":"https:\/\/mobitron.com\/de\/product\/ir-to-usb-interface-topcom\/","title":{"rendered":"IR-zu-USB-Schnittstelle, TopCom"},"content":{"rendered":"<p>Mithilfe der IR-zu-USB-Schnittstelle TopCom k\u00f6nnen Sie den Cargolog\u00ae 2nd Gen m\u00fchelos konfigurieren und Daten aus ihm auslesen. Stellen Sie eine Verbindung zwischen Ihrem PC und dem Ger\u00e4t mit IR-Kommunikation auf der Oberseite her. Die Schnittstelle befindet sich an der Oberseite des Ger\u00e4ts, so dass sie auch dann zug\u00e4nglich ist, wenn das Ger\u00e4t im Metallgeh\u00e4use und in der Installationshalterung montiert ist.<\/p>","protected":false},"excerpt":{"rendered":"<p>Verwenden Sie die IR-zu-USB-Schnittstelle, TopCom, um Ihren PC mit dem Cargolog\u00ae 2nd Gen zu verbinden, das \u00fcber eine IR-Kommunikation von oben verf\u00fcgt. Die Schnittstelle befindet sich an der Oberseite des Ger\u00e4ts und ist auch dann zug\u00e4nglich, wenn es im Metallgeh\u00e4use oder in der Installationshalterung montiert ist.<\/p>","protected":false},"featured_media":4118,"template":"","meta":{"_acf_changed":false,"content-type":"","inline_featured_image":false},"product_brand":[],"product_cat":[181],"product_tag":[],"class_list":{"0":"post-4115","1":"product","2":"type-product","3":"status-publish","4":"has-post-thumbnail","6":"product_cat-accessories-legacy-products","8":"first","9":"instock","10":"shipping-taxable","11":"purchasable","12":"product-type-simple"},"acf":[],"_links":{"self":[{"href":"https:\/\/mobitron.com\/de\/wp-json\/wp\/v2\/product\/4115","targetHints":{"allow":["GET"]}}],"collection":[{"href":"https:\/\/mobitron.com\/de\/wp-json\/wp\/v2\/product"}],"about":[{"href":"https:\/\/mobitron.com\/de\/wp-json\/wp\/v2\/types\/product"}],"wp:featuredmedia":[{"embeddable":true,"href":"https:\/\/mobitron.com\/de\/wp-json\/wp\/v2\/media\/4118"}],"wp:attachment":[{"href":"https:\/\/mobitron.com\/de\/wp-json\/wp\/v2\/media?parent=4115"}],"wp:term":[{"taxonomy":"product_brand","embeddable":true,"href":"https:\/\/mobitron.com\/de\/wp-json\/wp\/v2\/product_brand?post=4115"},{"taxonomy":"product_cat","embeddable":true,"href":"https:\/\/mobitron.com\/de\/wp-json\/wp\/v2\/product_cat?post=4115"},{"taxonomy":"product_tag","embeddable":true,"href":"https:\/\/mobitron.com\/de\/wp-json\/wp\/v2\/product_tag?post=4115"}],"curies":[{"name":"wp","href":"https:\/\/api.w.org\/{rel}","templated":true}]}}