{"id":4112,"date":"2023-11-20T13:45:12","date_gmt":"2023-11-20T12:45:12","guid":{"rendered":"https:\/\/mobitron.com\/?post_type=product&#038;p=4112"},"modified":"2025-03-04T11:25:12","modified_gmt":"2025-03-04T10:25:12","slug":"cargolog-impact-zustandsuberwachung-offline","status":"publish","type":"product","link":"https:\/\/mobitron.com\/de\/product\/cargolog-impact-condition-monitoring-offline\/","title":{"rendered":"Cargolog\u00ae Sto\u00df- und Zustands\u00fcberwachung | Offline"},"content":{"rendered":"<p>Optimize cargo transportation with our comprehensive environmental monitoring system, which measures and records temperature, humidity, angle\/leaning, and acceleration. Tailored for diverse materials and conditions, attach the system directly to the product or package for detailed insights into logistics handling.<\/p>\n<p>To manually read data using a USB-C cable, connect the Cargolog\u00ae device to a computer. Utilize the Cargolog\u00ae Connect software to upload the data, allowing easy access to the information in the cloud service. This seamless process ensures that all recorded data is efficiently transferred and conveniently viewed and managed in the Cargolog\u00ae Connect platform.<\/p>\n<h3>Wesentliche Merkmale:<\/h3>\n<ul>\n<li><span data-preserver-spaces=\"true\">Sorgen Sie f\u00fcr optimale Transportbedingungen.<\/span><\/li>\n<li><span data-preserver-spaces=\"true\">Messen Sie die Spitzenbeschleunigung und die Dauer des Ereignisses.<\/span><\/li>\n<li><span data-preserver-spaces=\"true\">Verschaffen Sie sich einen vollst\u00e4ndigen \u00dcberblick \u00fcber die \u00f6kologischen Transportbedingungen.<\/span><\/li>\n<\/ul>\n<h3>Zus\u00e4tzliche Merkmale:<\/h3>\n<ul>\n<li><span data-preserver-spaces=\"true\">Hochpr\u00e4zise Sensoren f\u00fcr die Schlag- und Sto\u00dfanalyse<\/span><\/li>\n<li><span data-preserver-spaces=\"true\">Benutzerfreundlich und leicht auf verschiedenen Ladungsarten zu installieren<\/span><\/li>\n<li><span data-preserver-spaces=\"true\">\u00dcberwachungsm\u00f6glichkeiten f\u00fcr den See-, Luft- und Stra\u00dfenverkehr<\/span><\/li>\n<li><span data-preserver-spaces=\"true\">Langlebige Konstruktion f\u00fcr zuverl\u00e4ssigen Betrieb bei extremen Temperaturen und Feuchtigkeit<\/span><\/li>\n<li><span data-preserver-spaces=\"true\">Minimierung des Schadensrisikos und damit Verringerung der Reparatur- oder Ersatzkosten.<\/span><\/li>\n<\/ul>","protected":false},"excerpt":{"rendered":"<p>Verbessern Sie den Frachttransport mit unserem fortschrittlichen Umwelt\u00fcberwachungssystem, das Daten zu Temperatur, Luftfeuchtigkeit, Neigung und Beschleunigung erfasst. Bringen Sie das System an Ihrem Produkt an, um detaillierte Einblicke zu erhalten. Verwalten und betrachten Sie die aufgezeichneten Daten ganz einfach, indem Sie das Cargolog\u00ae-Ger\u00e4t \u00fcber ein USB-C-Kabel mit einem Computer verbinden. Verwenden Sie die Cargolog\u00ae Connect Software, um Informationen in den Cloud-Service hochzuladen und darauf zuzugreifen, um eine nahtlose Daten\u00fcbertragung und effiziente \u00dcberwachung zu gew\u00e4hrleisten.<\/p>","protected":false},"featured_media":3858,"template":"","meta":{"_acf_changed":false,"content-type":"","inline_featured_image":false},"product_brand":[],"product_cat":[166,37,167],"product_tag":[],"class_list":{"0":"post-4112","1":"product","2":"type-product","3":"status-publish","4":"has-post-thumbnail","6":"product_cat-condition-monitoring","7":"product_cat-data-logger","8":"product_cat-data-logger-temperature","10":"first","11":"instock","12":"shipping-taxable","13":"purchasable","14":"product-type-variable","15":"has-default-attributes"},"acf":[],"_links":{"self":[{"href":"https:\/\/mobitron.com\/de\/wp-json\/wp\/v2\/product\/4112","targetHints":{"allow":["GET"]}}],"collection":[{"href":"https:\/\/mobitron.com\/de\/wp-json\/wp\/v2\/product"}],"about":[{"href":"https:\/\/mobitron.com\/de\/wp-json\/wp\/v2\/types\/product"}],"wp:featuredmedia":[{"embeddable":true,"href":"https:\/\/mobitron.com\/de\/wp-json\/wp\/v2\/media\/3858"}],"wp:attachment":[{"href":"https:\/\/mobitron.com\/de\/wp-json\/wp\/v2\/media?parent=4112"}],"wp:term":[{"taxonomy":"product_brand","embeddable":true,"href":"https:\/\/mobitron.com\/de\/wp-json\/wp\/v2\/product_brand?post=4112"},{"taxonomy":"product_cat","embeddable":true,"href":"https:\/\/mobitron.com\/de\/wp-json\/wp\/v2\/product_cat?post=4112"},{"taxonomy":"product_tag","embeddable":true,"href":"https:\/\/mobitron.com\/de\/wp-json\/wp\/v2\/product_tag?post=4112"}],"curies":[{"name":"wp","href":"https:\/\/api.w.org\/{rel}","templated":true}]}}