{"id":4104,"date":"2023-11-20T12:52:14","date_gmt":"2023-11-20T11:52:14","guid":{"rendered":"https:\/\/mobitron.com\/?post_type=product&#038;p=4104"},"modified":"2025-10-07T11:52:02","modified_gmt":"2025-10-07T09:52:02","slug":"cargolog-pc-software","status":"publish","type":"product","link":"https:\/\/mobitron.com\/de\/product\/cargolog-pc-software\/","title":{"rendered":"Cargolog\u00ae PC-Software"},"content":{"rendered":"<p>Die benutzerfreundliche Software zum Konfigurieren, Analysieren und Extrahieren von Daten aus dem Cargolog\u00ae 2nd Gen ist einfach zu installieren. Zeigen Sie die Messergebnisse in Diagrammen an und analysieren Sie sie Sekunde f\u00fcr Sekunde. Die mehrsprachige Plattform ist einfach zu installieren und zu bedienen und somit f\u00fcr die meisten Mitarbeiter zug\u00e4nglich. Kommunizieren Sie \u00fcber eine kabelgebundene Verbindung (IR-zu-USB) oder drahtlose Optionen (Bluetooth oder ZigBee).<\/p>\n<h3>Die verschiedenen Lizenzschl\u00fcssel f\u00fcr die Cargolog\u00ae PC Software:<\/h3>\n<ul>\n<li>Erweitert:\n<ul>\n<li>Lizenz f\u00fcr Vollversion zug\u00e4nglich, einschlie\u00dflich Funktionen f\u00fcr GPS und GSM.<\/li>\n<li>Erm\u00f6glicht die Einrichtung von Ger\u00e4ten, das Auslesen von Daten, die detaillierte Datenanalyse, die Erstellung von Vorlagen, die Bearbeitung und die gemeinsame Nutzung.<\/li>\n<\/ul>\n<\/li>\n<li>Standard:\n<ul>\n<li>Lizenz f\u00fcr Standardfunktionen, Beschleunigung, Temperatur, Luftfeuchtigkeit, Winkel\/Neigung.<\/li>\n<li>Erm\u00f6glicht die Einrichtung von Ger\u00e4ten, das Auslesen von Daten, die detaillierte Datenanalyse und die gemeinsame Nutzung.<\/li>\n<\/ul>\n<\/li>\n<li>Ansehen\/Lesen:\n<ul>\n<li>Eingeschr\u00e4nkte Lizenz zum Lesen von Daten.<\/li>\n<li>Erm\u00f6glicht eine detaillierte Datenanalyse.<\/li>\n<\/ul>\n<\/li>\n<li>Nur lesen:\n<ul>\n<li>Kostenfreie Lizenz mit eingeschr\u00e4nkter Funktionalit\u00e4t.<\/li>\n<li>Erlaubt nur das Lesen von Daten.<\/li>\n<\/ul>\n<\/li>\n<\/ul>","protected":false},"excerpt":{"rendered":"<p>Die benutzerfreundliche, einfach zu installierende Cargolog\u00ae-Software analysiert die Daten mit sekundengenauer Pr\u00e4zision. Sie ist f\u00fcr die meisten Mitarbeiter zug\u00e4nglich und unterst\u00fctzt sowohl die kabelgebundene (IR-zu-USB) als auch die drahtlose (Bluetooth oder ZigBee) Kommunikation mit dem Ger\u00e4t.<\/p>","protected":false},"featured_media":4106,"template":"","meta":{"_acf_changed":false,"content-type":"","inline_featured_image":false},"product_brand":[],"product_cat":[182],"product_tag":[],"class_list":{"0":"post-4104","1":"product","2":"type-product","3":"status-publish","4":"has-post-thumbnail","6":"product_cat-software-legacy-products","8":"first","9":"instock","10":"shipping-taxable","11":"purchasable","12":"product-type-variable","13":"has-default-attributes"},"acf":[],"_links":{"self":[{"href":"https:\/\/mobitron.com\/de\/wp-json\/wp\/v2\/product\/4104","targetHints":{"allow":["GET"]}}],"collection":[{"href":"https:\/\/mobitron.com\/de\/wp-json\/wp\/v2\/product"}],"about":[{"href":"https:\/\/mobitron.com\/de\/wp-json\/wp\/v2\/types\/product"}],"wp:featuredmedia":[{"embeddable":true,"href":"https:\/\/mobitron.com\/de\/wp-json\/wp\/v2\/media\/4106"}],"wp:attachment":[{"href":"https:\/\/mobitron.com\/de\/wp-json\/wp\/v2\/media?parent=4104"}],"wp:term":[{"taxonomy":"product_brand","embeddable":true,"href":"https:\/\/mobitron.com\/de\/wp-json\/wp\/v2\/product_brand?post=4104"},{"taxonomy":"product_cat","embeddable":true,"href":"https:\/\/mobitron.com\/de\/wp-json\/wp\/v2\/product_cat?post=4104"},{"taxonomy":"product_tag","embeddable":true,"href":"https:\/\/mobitron.com\/de\/wp-json\/wp\/v2\/product_tag?post=4104"}],"curies":[{"name":"wp","href":"https:\/\/api.w.org\/{rel}","templated":true}]}}