{"id":4098,"date":"2023-11-20T12:24:31","date_gmt":"2023-11-20T11:24:31","guid":{"rendered":"https:\/\/mobitron.com\/?post_type=product&#038;p=4098"},"modified":"2025-10-08T09:48:14","modified_gmt":"2025-10-08T07:48:14","slug":"cargolog-online","status":"publish","type":"product","link":"https:\/\/mobitron.com\/de\/product\/cargolog-online\/","title":{"rendered":"Cargolog\u00ae Online"},"content":{"rendered":"<p>Greifen Sie rund um die Uhr auf Informationen zu, indem Sie den Cloud-Service Cargolog\u00ae Online nutzen. Sie, Ihre Kollegen oder Kunden k\u00f6nnen die vom Cargolog\u00ae 2nd Gen gesendeten Messergebnisse auf jedem internet- oder datenf\u00e4higen Ger\u00e4t wie einem Computer einsehen. Das Datenergebnis ist in grafischer und tabellarischer Form ohne komplizierte Installationen sichtbar. Cargolog\u00ae Online ist einfach zu bedienen, und mit einem pers\u00f6nlichen Login k\u00f6nnen Sie alle Daten vor unbefugten Personen sch\u00fctzen.<\/p>\n<h3>Voraussetzungen f\u00fcr Cargolog\u00ae Online-Abonnement:<\/h3>\n<ul>\n<li>F\u00fcr das Cargolog\u00ae-Ger\u00e4t, das mit einer aktiven SIM-Karte ausgestattet ist, besteht ein aktiver Abonnementplan.<\/li>\n<li>Ein aktives Konto f\u00fcr die Cargolog\u00ae PC Software, die Software, die zur Programmierung des Cargolog\u00ae Ger\u00e4tes verwendet wird.<\/li>\n<li>Um eine Online-Daten\u00fcbertragung zu erm\u00f6glichen, muss das Ger\u00e4t so programmiert werden, dass es Daten online sendet.<\/li>\n<li>Stellen Sie sicher, dass das Gebiet, in dem das Cargolog\u00ae-Ger\u00e4t Online-Daten \u00fcbertr\u00e4gt, \u00fcber eine ausreichende GSM-Netzabdeckung verf\u00fcgt.<\/li>\n<\/ul>","protected":false},"excerpt":{"rendered":"<p>Greifen Sie mit Cargolog\u00ae Online rund um die Uhr auf Messergebnisse zu. Pr\u00fcfen Sie Daten von Cargolog\u00ae 2nd Gen auf jedem internetf\u00e4higen Ger\u00e4t. Visualisieren Sie die Ergebnisse grafisch und in Tabellen ohne komplexe Installationen. Benutzerfreundlich und sicher, mit pers\u00f6nlichen Logins zum Schutz des Datenschutzes.<\/p>","protected":false},"featured_media":4102,"template":"","meta":{"_acf_changed":false,"content-type":"","inline_featured_image":false},"product_brand":[],"product_cat":[182],"product_tag":[],"class_list":{"0":"post-4098","1":"product","2":"type-product","3":"status-publish","4":"has-post-thumbnail","6":"product_cat-software-legacy-products","8":"first","9":"instock","10":"shipping-taxable","11":"purchasable","12":"product-type-variable","13":"has-default-attributes"},"acf":[],"_links":{"self":[{"href":"https:\/\/mobitron.com\/de\/wp-json\/wp\/v2\/product\/4098","targetHints":{"allow":["GET"]}}],"collection":[{"href":"https:\/\/mobitron.com\/de\/wp-json\/wp\/v2\/product"}],"about":[{"href":"https:\/\/mobitron.com\/de\/wp-json\/wp\/v2\/types\/product"}],"wp:featuredmedia":[{"embeddable":true,"href":"https:\/\/mobitron.com\/de\/wp-json\/wp\/v2\/media\/4102"}],"wp:attachment":[{"href":"https:\/\/mobitron.com\/de\/wp-json\/wp\/v2\/media?parent=4098"}],"wp:term":[{"taxonomy":"product_brand","embeddable":true,"href":"https:\/\/mobitron.com\/de\/wp-json\/wp\/v2\/product_brand?post=4098"},{"taxonomy":"product_cat","embeddable":true,"href":"https:\/\/mobitron.com\/de\/wp-json\/wp\/v2\/product_cat?post=4098"},{"taxonomy":"product_tag","embeddable":true,"href":"https:\/\/mobitron.com\/de\/wp-json\/wp\/v2\/product_tag?post=4098"}],"curies":[{"name":"wp","href":"https:\/\/api.w.org\/{rel}","templated":true}]}}