{"id":3925,"date":"2023-11-17T12:15:38","date_gmt":"2023-11-17T11:15:38","guid":{"rendered":"https:\/\/mobitron.com\/?post_type=product&#038;p=3925"},"modified":"2025-04-22T14:06:59","modified_gmt":"2025-04-22T12:06:59","slug":"schutzhulle-aus-metall","status":"publish","type":"product","link":"https:\/\/mobitron.com\/de\/product\/protective-metal-case\/","title":{"rendered":"Sch\u00fctzendes Metallgeh\u00e4use"},"content":{"rendered":"<p>Sch\u00fctzen Sie Ihr Cargolog\u00ae-Ger\u00e4t w\u00e4hrend der Installation in der Fracht mit unserem Metallkoffer, der vor mechanischen Sch\u00e4den, aggressiven Gasen und Fl\u00fcssigkeiten sch\u00fctzt. Ausgestattet mit einem fortschrittlichen Entl\u00fcftungsventil mit einer wasserdichten, atmungsaktiven Membran, verf\u00fcgt das Metal Case \u00fcber die Klassifizierungen IP67 und IK09 und ist somit widerstandsf\u00e4hig gegen Umweltbelastungen. Das Druckausgleichssystem erm\u00f6glicht ein einfaches Abnehmen des Deckels und bietet zuverl\u00e4ssigen Schutz gegen mechanische Einwirkungen in rauen Industrieumgebungen.<\/p>","protected":false},"excerpt":{"rendered":"<p>Sichern Sie Ihr Cargolog\u00ae-Ger\u00e4t mit dem Metallgeh\u00e4use an Ihrem Produkt oder Ihrer Verpackung und sch\u00fctzen Sie es so vor mechanischen Sch\u00e4den und rauen Umgebungsbedingungen. Fortschrittliche Funktionen sorgen f\u00fcr Schutz beim Transport und im industriellen Einsatz.<\/p>","protected":false},"featured_media":4130,"template":"","meta":{"_acf_changed":false,"content-type":"","inline_featured_image":false},"product_brand":[],"product_cat":[38],"product_tag":[],"class_list":{"0":"post-3925","1":"product","2":"type-product","3":"status-publish","4":"has-post-thumbnail","6":"product_cat-attachments","8":"first","9":"instock","10":"shipping-taxable","11":"purchasable","12":"product-type-variable","13":"has-default-attributes"},"acf":[],"_links":{"self":[{"href":"https:\/\/mobitron.com\/de\/wp-json\/wp\/v2\/product\/3925","targetHints":{"allow":["GET"]}}],"collection":[{"href":"https:\/\/mobitron.com\/de\/wp-json\/wp\/v2\/product"}],"about":[{"href":"https:\/\/mobitron.com\/de\/wp-json\/wp\/v2\/types\/product"}],"wp:featuredmedia":[{"embeddable":true,"href":"https:\/\/mobitron.com\/de\/wp-json\/wp\/v2\/media\/4130"}],"wp:attachment":[{"href":"https:\/\/mobitron.com\/de\/wp-json\/wp\/v2\/media?parent=3925"}],"wp:term":[{"taxonomy":"product_brand","embeddable":true,"href":"https:\/\/mobitron.com\/de\/wp-json\/wp\/v2\/product_brand?post=3925"},{"taxonomy":"product_cat","embeddable":true,"href":"https:\/\/mobitron.com\/de\/wp-json\/wp\/v2\/product_cat?post=3925"},{"taxonomy":"product_tag","embeddable":true,"href":"https:\/\/mobitron.com\/de\/wp-json\/wp\/v2\/product_tag?post=3925"}],"curies":[{"name":"wp","href":"https:\/\/api.w.org\/{rel}","templated":true}]}}