{"id":3852,"date":"2023-11-17T09:21:38","date_gmt":"2023-11-17T08:21:38","guid":{"rendered":"https:\/\/mobitron.com\/?post_type=product&#038;p=3852"},"modified":"2025-03-04T11:28:33","modified_gmt":"2025-03-04T10:28:33","slug":"cargolog-impact-zustandsuberwachung-online","status":"publish","type":"product","link":"https:\/\/mobitron.com\/de\/product\/cargolog-impact-condition-monitoring-online\/","title":{"rendered":"Cargolog\u00ae Sto\u00df- und Zustands\u00fcberwachung | Online"},"content":{"rendered":"<p><span data-preserver-spaces=\"true\">Maximieren Sie die Effizienz des Frachttransports mit unserem fortschrittlichen Umwelt\u00fcberwachungssystem, das speziell f\u00fcr die Messung und Aufzeichnung von Temperatur, Luftfeuchtigkeit, Neigung und Beschleunigung entwickelt wurde und mit integriertem GPS und GSM-Sender\/Empf\u00e4nger f\u00fcr die Daten\u00fcbertragung in Echtzeit ausgestattet ist. Bringen Sie das System direkt an Ihrem Produkt oder Ihrer Verpackung an, um einen detaillierten Einblick in die logistische Abwicklung zu erhalten.<\/span><\/p>\n<h3><span data-preserver-spaces=\"true\">Wesentliche Merkmale:<\/span><\/h3>\n<ul>\n<li><span data-preserver-spaces=\"true\">Sorgen Sie f\u00fcr optimale Transportbedingungen<\/span><\/li>\n<li><span data-preserver-spaces=\"true\">Messen und Aufzeichnen von Temperatur, Luftfeuchtigkeit, Winkel\/Leigung und Beschleunigung<\/span><\/li>\n<li><span data-preserver-spaces=\"true\">Verschaffen Sie sich einen vollst\u00e4ndigen \u00dcberblick \u00fcber die Transportbedingungen<\/span><\/li>\n<li><span data-preserver-spaces=\"true\">GPS und GSM f\u00fcr Echtzeit-Daten\u00fcbertragung<\/span><\/li>\n<\/ul>\n<h3><span data-preserver-spaces=\"true\">Zus\u00e4tzliche Merkmale:<\/span><\/h3>\n<ul>\n<li><span data-preserver-spaces=\"true\">Hochpr\u00e4zise Sensoren f\u00fcr die Schlag- und Sto\u00dfanalyse<\/span><\/li>\n<li><span data-preserver-spaces=\"true\">Daten\u00fcbertragung in Echtzeit f\u00fcr sofortige Reaktion<\/span><\/li>\n<li><span data-preserver-spaces=\"true\">Benutzerfreundlich und leicht auf verschiedenen Ladungsarten zu installieren<\/span><\/li>\n<li><span data-preserver-spaces=\"true\">\u00dcberwachungsm\u00f6glichkeiten f\u00fcr multimodalen Transport<\/span><\/li>\n<li><span data-preserver-spaces=\"true\">Anpassbar an spezifische Bed\u00fcrfnisse, einschlie\u00dflich der Anzahl der Sensoren und der H\u00e4ufigkeit der Daten\u00fcbertragung<\/span><\/li>\n<li><span data-preserver-spaces=\"true\">Langlebige Konstruktion f\u00fcr zuverl\u00e4ssigen Betrieb bei extremen Temperaturen und Feuchtigkeit<\/span><\/li>\n<li><span data-preserver-spaces=\"true\">Minimierung des Schadensrisikos und damit Verringerung der Reparatur- oder Ersatzkosten.<\/span><\/li>\n<\/ul>","protected":false},"excerpt":{"rendered":"<p>Verbessern Sie die Effizienz des Frachttransports mit unserem fortschrittlichen Umwelt\u00fcberwachungssystem. Es ist auf die Messung von Temperatur, Luftfeuchtigkeit, Winkel\/Neigung und Beschleunigung zugeschnitten und verf\u00fcgt \u00fcber GPS und GSM f\u00fcr die Daten\u00fcbertragung in Echtzeit. Bringen Sie es direkt an Ihrem Produkt an, um detaillierte Einblicke in die logistische Abwicklung zu erhalten.<\/p>","protected":false},"featured_media":3858,"template":"","meta":{"_acf_changed":false,"content-type":"","inline_featured_image":false},"product_brand":[],"product_cat":[166,37,167,165],"product_tag":[],"class_list":{"0":"post-3852","1":"product","2":"type-product","3":"status-publish","4":"has-post-thumbnail","6":"product_cat-condition-monitoring","7":"product_cat-data-logger","8":"product_cat-data-logger-temperature","9":"product_cat-shock-sensors","11":"first","12":"instock","13":"shipping-taxable","14":"purchasable","15":"product-type-variable","16":"has-default-attributes"},"acf":[],"_links":{"self":[{"href":"https:\/\/mobitron.com\/de\/wp-json\/wp\/v2\/product\/3852","targetHints":{"allow":["GET"]}}],"collection":[{"href":"https:\/\/mobitron.com\/de\/wp-json\/wp\/v2\/product"}],"about":[{"href":"https:\/\/mobitron.com\/de\/wp-json\/wp\/v2\/types\/product"}],"wp:featuredmedia":[{"embeddable":true,"href":"https:\/\/mobitron.com\/de\/wp-json\/wp\/v2\/media\/3858"}],"wp:attachment":[{"href":"https:\/\/mobitron.com\/de\/wp-json\/wp\/v2\/media?parent=3852"}],"wp:term":[{"taxonomy":"product_brand","embeddable":true,"href":"https:\/\/mobitron.com\/de\/wp-json\/wp\/v2\/product_brand?post=3852"},{"taxonomy":"product_cat","embeddable":true,"href":"https:\/\/mobitron.com\/de\/wp-json\/wp\/v2\/product_cat?post=3852"},{"taxonomy":"product_tag","embeddable":true,"href":"https:\/\/mobitron.com\/de\/wp-json\/wp\/v2\/product_tag?post=3852"}],"curies":[{"name":"wp","href":"https:\/\/api.w.org\/{rel}","templated":true}]}}