{"id":3772,"date":"2023-11-17T08:34:26","date_gmt":"2023-11-17T07:34:26","guid":{"rendered":"https:\/\/mobitron.com\/?post_type=product&#038;p=3772"},"modified":"2023-11-20T12:10:41","modified_gmt":"2023-11-20T11:10:41","slug":"cargolog-verbinden","status":"publish","type":"product","link":"https:\/\/mobitron.com\/de\/product\/cargolog-connect\/","title":{"rendered":"Cargolog\u00ae Verbinden"},"content":{"rendered":"<p><span data-preserver-spaces=\"true\">Cargolog\u00ae Connect ist eine leistungsstarke und umfassende Softwarel\u00f6sung, die entwickelt wurde, um die Funktionalit\u00e4t und Benutzerfreundlichkeit des Cargolog\u00ae 3rd Gen zu verbessern. Diese innovative Plattform bietet den Benutzern die Werkzeuge und Einblicke, um die von den Cargolog\u00ae Ger\u00e4ten gesammelten Daten in der gesamten Logistikkette effektiv zu \u00fcberwachen und zu analysieren. <\/span>Cargolog\u00ae Connect transforms data collected by the Cargolog\u00ae devices into actionable insights, empowering users to make informed decisions, enhance cargo safety, and optimize transportation processes.<\/p>\n<p>Cargolog\u00ae Connect offers versatile access, accessible through a PC with an installed application and via the web, without additional installations.<\/p>\n<p><a href=\"https:\/\/mobitron.com\/de\/cargolog-verbinden\/\">Erfahren Sie mehr \u00fcber die Vorteile von Cargolog\u00ae Connect, indem Sie sich hier weitere Details ansehen.<\/a><\/p>\n<h3>Die verschiedenen Lizenzschl\u00fcssel f\u00fcr Cargolog\u00ae Connect:<\/h3>\n<ul>\n<li style=\"list-style-type: none;\">\n<ul>\n<li>Pr\u00e4mie:\n<ul>\n<li>Die Vollversion ist auf allen Plattformen verf\u00fcgbar.<\/li>\n<li>Erm\u00f6glicht die Einrichtung von Ger\u00e4ten, das Auslesen von Daten, die detaillierte Datenanalyse, die Erstellung von Vorlagen, die Bearbeitung und die gemeinsame Nutzung.<\/li>\n<li>Erm\u00f6glicht den Zugriff auf alle Daten, die in Ihr Unternehmen hochgeladen wurden.<\/li>\n<\/ul>\n<\/li>\n<li>Frei:\n<ul>\n<li>Kostenfreie Lizenz mit eingeschr\u00e4nkter Funktionalit\u00e4t.<\/li>\n<li>Erm\u00f6glicht das Lesen von Daten mit einer eingeschr\u00e4nkten Ansicht im Schnellbericht.<\/li>\n<\/ul>\n<\/li>\n<li>Programmieren &amp; Aktivieren:\n<ul>\n<li>Eingeschr\u00e4nkte Lizenz f\u00fcr die Einrichtung des Ger\u00e4ts und das Auslesen von Daten.<\/li>\n<li>Erm\u00f6glicht das Lesen von Daten mit einer eingeschr\u00e4nkten Ansicht im Schnellbericht.<\/li>\n<\/ul>\n<\/li>\n<li>Verwaltung:\n<ul>\n<li>Entwickelt f\u00fcr die Verwaltung von Lizenzen und Benutzern.<\/li>\n<li>Erm\u00f6glicht den Erwerb neuer Lizenzen, das Hinzuf\u00fcgen von Benutzern und die Abwicklung von Zahlungen.<\/li>\n<\/ul>\n<\/li>\n<\/ul>\n<\/li>\n<\/ul>","protected":false},"excerpt":{"rendered":"<p>Cargolog\u00ae Connect revolutioniert die Fracht\u00fcberwachung durch die nahtlose Integration mit Cargolog\u00ae 3rd Gen. Diese umfassende Software bietet Echtzeitverfolgung, anpassbare Warnmeldungen und detaillierte Datenanalysen. Mit benutzerfreundlichen Funktionen und Cloud-Konnektivit\u00e4t verwandelt sie Rohdaten in verwertbare Erkenntnisse, die es den Nutzern erm\u00f6glichen, optimale Transportbedingungen zu gew\u00e4hrleisten, Risiken zu reduzieren und die allgemeine Frachtsicherheit zu erh\u00f6hen.<\/p>","protected":false},"featured_media":4091,"template":"","meta":{"_acf_changed":false,"content-type":"","inline_featured_image":false},"product_brand":[],"product_cat":[42],"product_tag":[],"class_list":{"0":"post-3772","1":"product","2":"type-product","3":"status-publish","4":"has-post-thumbnail","6":"product_cat-software","8":"first","9":"instock","10":"shipping-taxable","11":"purchasable","12":"product-type-variable","13":"has-default-attributes"},"acf":[],"_links":{"self":[{"href":"https:\/\/mobitron.com\/de\/wp-json\/wp\/v2\/product\/3772","targetHints":{"allow":["GET"]}}],"collection":[{"href":"https:\/\/mobitron.com\/de\/wp-json\/wp\/v2\/product"}],"about":[{"href":"https:\/\/mobitron.com\/de\/wp-json\/wp\/v2\/types\/product"}],"wp:featuredmedia":[{"embeddable":true,"href":"https:\/\/mobitron.com\/de\/wp-json\/wp\/v2\/media\/4091"}],"wp:attachment":[{"href":"https:\/\/mobitron.com\/de\/wp-json\/wp\/v2\/media?parent=3772"}],"wp:term":[{"taxonomy":"product_brand","embeddable":true,"href":"https:\/\/mobitron.com\/de\/wp-json\/wp\/v2\/product_brand?post=3772"},{"taxonomy":"product_cat","embeddable":true,"href":"https:\/\/mobitron.com\/de\/wp-json\/wp\/v2\/product_cat?post=3772"},{"taxonomy":"product_tag","embeddable":true,"href":"https:\/\/mobitron.com\/de\/wp-json\/wp\/v2\/product_tag?post=3772"}],"curies":[{"name":"wp","href":"https:\/\/api.w.org\/{rel}","templated":true}]}}