{"id":3667,"date":"2023-11-17T08:04:38","date_gmt":"2023-11-17T07:04:38","guid":{"rendered":"https:\/\/mobitron.com\/?post_type=product&#038;p=3667"},"modified":"2025-10-08T09:45:51","modified_gmt":"2025-10-08T07:45:51","slug":"cargolog-b3-1935-schlagrekorder","status":"publish","type":"product","link":"https:\/\/mobitron.com\/de\/product\/cargolog-b3-1935-impact-recorder\/","title":{"rendered":"Cargolog\u00ae B3.1935 Schlagrekorder"},"content":{"rendered":"<p><span data-preserver-spaces=\"true\">Die integrierte GPS-Positionierung erm\u00f6glicht eine Routenanalyse oder die Verfolgung des Standorts eines bestimmten Ereignisses in Google Maps oder einer bevorzugten Karte. Zeichnen Sie St\u00f6\u00dfe, Ersch\u00fctterungen, Temperatur, Luftfeuchtigkeit und Winkel\/Neigung mit 42.200 Messungen auf und exportieren Sie Daten und Routenkarten m\u00fchelos. Das GPS-Modul ist in unser zuverl\u00e4ssiges System integriert und nutzt Satelliten von GPS, GLONASS und Galileo f\u00fcr eine genaue Verfolgung. Der Einbau von zwei gro\u00dfen D-Zellen-Batterien, LSH20 f\u00fcr die Messkan\u00e4le und LS33600 f\u00fcr die GSM\/LTE-Kommunikation, gew\u00e4hrleistet eine l\u00e4ngere Betriebszeit f\u00fcr beide Funktionen.<\/span><\/p>\n<h3>Enthaltene Funktionen:<\/h3>\n<ul>\n<li><span data-preserver-spaces=\"true\">Messintervall und Alarmstufe f\u00fcr Temperatur, Luftfeuchtigkeit, Winkel\/Schr\u00e4glage<\/span><\/li>\n<li><span data-preserver-spaces=\"true\">Dauer der Beschleunigung f\u00fcr alle drei Achsen<\/span><\/li>\n<li><span data-preserver-spaces=\"true\">Registriergrenzen und Alarmstufen f\u00fcr alle drei Achsen der Beschleunigung<\/span><\/li>\n<li><span data-preserver-spaces=\"true\">Lagerungswinkel\/Neigung bei \u00dcberschreitung des Schwellenwerts f\u00fcr die Beschleunigung<\/span><\/li>\n<li><span data-preserver-spaces=\"true\">Funktioniert sowohl mit Alkali- als auch mit Lithium-Batterien<\/span><\/li>\n<li><span data-preserver-spaces=\"true\">Start-Funktionen: Datum und Uhrzeit, Start per Taste, Start beim Download<\/span><\/li>\n<li><span data-preserver-spaces=\"true\">Sicherheit: Passwortgesch\u00fctzte Daten<\/span><\/li>\n<li><span data-preserver-spaces=\"true\">GPS-Ortung mit eingebautem Empf\u00e4nger<\/span><\/li>\n<\/ul>","protected":false},"excerpt":{"rendered":"<p>Greifen Sie auf Echtzeitdaten zu, um Ihre Fracht in der Logistikkette durch Online-Tracking zu verfolgen. Erfassen Sie St\u00f6\u00dfe, Temperatur, Feuchtigkeit und Winkel\/Neigung mit GPS-Positionierung und sammeln Sie 42.200 Ereignisse mit pr\u00e4zisen Datums- und Zeitstempeln. Das eigenst\u00e4ndige Ger\u00e4t mit einer Batterielebensdauer von bis zu 18 Monaten erm\u00f6glicht die Daten\u00fcbertragung in Echtzeit, um sofort auf abnormale Werte reagieren zu k\u00f6nnen.<\/p>","protected":false},"featured_media":3672,"template":"","meta":{"_acf_changed":false,"content-type":"","inline_featured_image":false},"product_brand":[],"product_cat":[180],"product_tag":[],"class_list":{"0":"post-3667","1":"product","2":"type-product","3":"status-publish","4":"has-post-thumbnail","6":"product_cat-data-logger-legacy-products","8":"first","9":"instock","10":"shipping-taxable","11":"purchasable","12":"product-type-variable","13":"has-default-attributes"},"acf":[],"_links":{"self":[{"href":"https:\/\/mobitron.com\/de\/wp-json\/wp\/v2\/product\/3667","targetHints":{"allow":["GET"]}}],"collection":[{"href":"https:\/\/mobitron.com\/de\/wp-json\/wp\/v2\/product"}],"about":[{"href":"https:\/\/mobitron.com\/de\/wp-json\/wp\/v2\/types\/product"}],"wp:featuredmedia":[{"embeddable":true,"href":"https:\/\/mobitron.com\/de\/wp-json\/wp\/v2\/media\/3672"}],"wp:attachment":[{"href":"https:\/\/mobitron.com\/de\/wp-json\/wp\/v2\/media?parent=3667"}],"wp:term":[{"taxonomy":"product_brand","embeddable":true,"href":"https:\/\/mobitron.com\/de\/wp-json\/wp\/v2\/product_brand?post=3667"},{"taxonomy":"product_cat","embeddable":true,"href":"https:\/\/mobitron.com\/de\/wp-json\/wp\/v2\/product_cat?post=3667"},{"taxonomy":"product_tag","embeddable":true,"href":"https:\/\/mobitron.com\/de\/wp-json\/wp\/v2\/product_tag?post=3667"}],"curies":[{"name":"wp","href":"https:\/\/api.w.org\/{rel}","templated":true}]}}