{"id":3617,"date":"2023-11-17T07:45:55","date_gmt":"2023-11-17T06:45:55","guid":{"rendered":"https:\/\/mobitron.com\/?post_type=product&#038;p=3617"},"modified":"2025-10-08T09:48:32","modified_gmt":"2025-10-08T07:48:32","slug":"cargolog-b2-0919-schlagrekorder","status":"publish","type":"product","link":"https:\/\/mobitron.com\/de\/product\/cargolog-b2-0919-impact-recorder\/","title":{"rendered":"Cargolog\u00ae B2.0919 Schlagrekorder"},"content":{"rendered":"<p><span data-preserver-spaces=\"true\">Die integrierte GPS-Positionierung erm\u00f6glicht eine Routenanalyse oder die Verfolgung des Standorts eines bestimmten Ereignisses in Google Maps oder einer bevorzugten Karte. Erfassen Sie St\u00f6\u00dfe, Ersch\u00fctterungen, Temperatur, Luftfeuchtigkeit und Winkel\/Neigung mit 42.200 Messungen und exportieren Sie Daten und Routenkarten m\u00fchelos. Das GPS-Modul ist in unser zuverl\u00e4ssiges System mit einer gro\u00dfen D-Zellen-Batterie integriert und nutzt die Satelliten von GPS, GLONASS und Galileo f\u00fcr eine genaue Ortung.<\/span><\/p>\n<h3>Wesentliche Merkmale:<\/h3>\n<ul>\n<li><span data-preserver-spaces=\"true\">Messintervall und Alarmstufe f\u00fcr Temperatur, Luftfeuchtigkeit, Winkel\/Schr\u00e4glage<\/span><\/li>\n<li><span data-preserver-spaces=\"true\">Dauer der Beschleunigung f\u00fcr alle drei Achsen<\/span><\/li>\n<li><span data-preserver-spaces=\"true\">Registriergrenzen und Alarmstufen f\u00fcr alle drei Achsen der Beschleunigung<\/span><\/li>\n<li><span data-preserver-spaces=\"true\">Lagerungswinkel\/Neigung bei \u00dcberschreitung des Schwellenwerts f\u00fcr die Beschleunigung<\/span><\/li>\n<li><span data-preserver-spaces=\"true\">Funktioniert sowohl mit Alkali- als auch mit Lithium-Batterien<\/span><\/li>\n<li><span data-preserver-spaces=\"true\">Start-Funktionen: Datum und Uhrzeit, Start per Taste, Start beim Download<\/span><\/li>\n<li><span data-preserver-spaces=\"true\">Sicherheit: Passwortgesch\u00fctzte Daten<\/span><\/li>\n<li><span data-preserver-spaces=\"true\">GPS-Ortung mit eingebautem Empf\u00e4nger<\/span><\/li>\n<\/ul>","protected":false},"excerpt":{"rendered":"<p>Mit der integrierten GPS-Ortung k\u00f6nnen Sie Routen oder Veranstaltungsorte in Google Maps oder Ihrer bevorzugten Karte erfassen und analysieren. Erfassen Sie 42.200 St\u00f6\u00dfe, Ersch\u00fctterungen, Temperatur, Luftfeuchtigkeit sowie Winkel- und Neigungsmessungen. Exportieren Sie m\u00fchelos Daten und Routenkarten. Dieses eigenst\u00e4ndige Ger\u00e4t wird von Profis auf der ganzen Welt gesch\u00e4tzt und bietet eine Batterielebensdauer von bis zu 18 Monaten.<\/p>","protected":false},"featured_media":3627,"template":"","meta":{"_acf_changed":false,"content-type":"","inline_featured_image":false},"product_brand":[],"product_cat":[180],"product_tag":[],"class_list":{"0":"post-3617","1":"product","2":"type-product","3":"status-publish","4":"has-post-thumbnail","6":"product_cat-data-logger-legacy-products","8":"first","9":"instock","10":"shipping-taxable","11":"purchasable","12":"product-type-variable","13":"has-default-attributes"},"acf":[],"_links":{"self":[{"href":"https:\/\/mobitron.com\/de\/wp-json\/wp\/v2\/product\/3617","targetHints":{"allow":["GET"]}}],"collection":[{"href":"https:\/\/mobitron.com\/de\/wp-json\/wp\/v2\/product"}],"about":[{"href":"https:\/\/mobitron.com\/de\/wp-json\/wp\/v2\/types\/product"}],"wp:featuredmedia":[{"embeddable":true,"href":"https:\/\/mobitron.com\/de\/wp-json\/wp\/v2\/media\/3627"}],"wp:attachment":[{"href":"https:\/\/mobitron.com\/de\/wp-json\/wp\/v2\/media?parent=3617"}],"wp:term":[{"taxonomy":"product_brand","embeddable":true,"href":"https:\/\/mobitron.com\/de\/wp-json\/wp\/v2\/product_brand?post=3617"},{"taxonomy":"product_cat","embeddable":true,"href":"https:\/\/mobitron.com\/de\/wp-json\/wp\/v2\/product_cat?post=3617"},{"taxonomy":"product_tag","embeddable":true,"href":"https:\/\/mobitron.com\/de\/wp-json\/wp\/v2\/product_tag?post=3617"}],"curies":[{"name":"wp","href":"https:\/\/api.w.org\/{rel}","templated":true}]}}