{"id":3499,"date":"2023-11-16T15:34:54","date_gmt":"2023-11-16T14:34:54","guid":{"rendered":"https:\/\/mobitron.com\/?post_type=product&#038;p=3499"},"modified":"2025-10-10T10:31:52","modified_gmt":"2025-10-10T08:31:52","slug":"cargolog-b1-0912-schlagschreiber","status":"publish","type":"product","link":"https:\/\/mobitron.com\/de\/product\/cargolog-b1-0912-impact-recorder\/","title":{"rendered":"Cargolog\u00ae B1.0912 Schlagschreiber"},"content":{"rendered":"<p><span data-preserver-spaces=\"true\">Der B1.0912 Standardrekorder ist ein zuverl\u00e4ssiger Rekorder f\u00fcr die \u00dcberwachung empfindlicher G\u00fcter, der bis zu 42.200 Ereignisse mit pr\u00e4zisen Datums- und Zeitstempeln aufzeichnet. Dieses eigenst\u00e4ndige Ger\u00e4t zeichnet sich durch die Erfassung von St\u00f6\u00dfen, Ersch\u00fctterungen, Temperatur, Feuchtigkeit und Neigung aus. Das Ger\u00e4t wird weltweit von Fachleuten eingesetzt - ein Stand-Alone-Ger\u00e4t mit einer Batterielebensdauer von bis zu 9,5 Monaten.<\/span><\/p>\n<h3>Wesentliche Merkmale:<\/h3>\n<ul>\n<li><span data-preserver-spaces=\"true\">Registriergrenzen und Alarmstufen f\u00fcr alle drei Achsen der Beschleunigung<\/span><\/li>\n<li><span data-preserver-spaces=\"true\">Dauer der Beschleunigung f\u00fcr alle drei Achsen<\/span><\/li>\n<li><span data-preserver-spaces=\"true\">Messintervall und Alarmstufe f\u00fcr Temperatur<\/span><\/li>\n<li><span data-preserver-spaces=\"true\">Funktioniert sowohl mit Alkali- als auch mit Lithium-Batterien<\/span><\/li>\n<li><span data-preserver-spaces=\"true\">Start-Funktionen: Datum und Uhrzeit, Start per Taste, Start beim Download<\/span><\/li>\n<li><span data-preserver-spaces=\"true\">Sicherheit: Passwortgesch\u00fctzte Daten<\/span><\/li>\n<\/ul>\n<h3>Zus\u00e4tzliche Informationen:<\/h3>\n<ul>\n<li><span data-preserver-spaces=\"true\">Unser meistverkauftes Ger\u00e4t zur \u00dcberwachung von Transporten empfindlicher G\u00fcter mit eingebauten Sensoren.<\/span><\/li>\n<li><span data-preserver-spaces=\"true\">Ein Kalibrierungszertifikat wird immer mitgeliefert.<\/span><\/li>\n<li><span data-preserver-spaces=\"true\">Zur \u00dcberwachung von St\u00f6\u00dfen und Beschleunigungen, Temperatur, Feuchtigkeit und Winkel.<\/span><\/li>\n<\/ul>","protected":false},"excerpt":{"rendered":"<p>Erfassen Sie bis zu 42.200 Ereignisse mit pr\u00e4zisen Datums- und Zeitstempeln, einschlie\u00dflich St\u00f6\u00dfen, Ersch\u00fctterungen, Temperatur, Feuchtigkeit und Neigung. Dieses von Fachleuten auf der ganzen Welt gesch\u00e4tzte, eigenst\u00e4ndige Ger\u00e4t bietet eine Batterielebensdauer von bis zu 9,5 Monaten.<\/p>","protected":false},"featured_media":3506,"template":"","meta":{"_acf_changed":false,"content-type":"","inline_featured_image":false},"product_brand":[],"product_cat":[180],"product_tag":[],"class_list":{"0":"post-3499","1":"product","2":"type-product","3":"status-publish","4":"has-post-thumbnail","6":"product_cat-data-logger-legacy-products","8":"first","9":"instock","10":"shipping-taxable","11":"purchasable","12":"product-type-variable","13":"has-default-attributes"},"acf":[],"_links":{"self":[{"href":"https:\/\/mobitron.com\/de\/wp-json\/wp\/v2\/product\/3499","targetHints":{"allow":["GET"]}}],"collection":[{"href":"https:\/\/mobitron.com\/de\/wp-json\/wp\/v2\/product"}],"about":[{"href":"https:\/\/mobitron.com\/de\/wp-json\/wp\/v2\/types\/product"}],"wp:featuredmedia":[{"embeddable":true,"href":"https:\/\/mobitron.com\/de\/wp-json\/wp\/v2\/media\/3506"}],"wp:attachment":[{"href":"https:\/\/mobitron.com\/de\/wp-json\/wp\/v2\/media?parent=3499"}],"wp:term":[{"taxonomy":"product_brand","embeddable":true,"href":"https:\/\/mobitron.com\/de\/wp-json\/wp\/v2\/product_brand?post=3499"},{"taxonomy":"product_cat","embeddable":true,"href":"https:\/\/mobitron.com\/de\/wp-json\/wp\/v2\/product_cat?post=3499"},{"taxonomy":"product_tag","embeddable":true,"href":"https:\/\/mobitron.com\/de\/wp-json\/wp\/v2\/product_tag?post=3499"}],"curies":[{"name":"wp","href":"https:\/\/api.w.org\/{rel}","templated":true}]}}