{"id":3442,"date":"2023-11-16T12:40:12","date_gmt":"2023-11-16T11:40:12","guid":{"rendered":"https:\/\/mobitron.com\/?post_type=product&#038;p=3442"},"modified":"2025-10-08T09:46:38","modified_gmt":"2025-10-08T07:46:38","slug":"cargolog-b0-0910-schlagschreiber","status":"publish","type":"product","link":"https:\/\/mobitron.com\/de\/product\/cargolog-b0-0910-impact-recorder\/","title":{"rendered":"Cargolog\u00ae B0.0910 Schlagrekorder"},"content":{"rendered":"<p>Der B0.0910 Basic Recorder bietet Funktionen f\u00fcr die Fracht\u00fcberwachung. F\u00fcr eine umfassende Analyse k\u00f6nnen Sie Messintervalle, Temperaturalarme und Beschleunigungszeiten festlegen. Er ist sowohl mit Alkali- als auch mit Lithium-Metall-Batterien kompatibel und gew\u00e4hrleistet so Flexibilit\u00e4t. Sie haben die Wahl zwischen verschiedenen Startmethoden, z. B. per Knopfdruck, Download oder zeitgesteuertem Start, und genie\u00dfen zus\u00e4tzliche Sicherheit durch passwortgesch\u00fctzte Daten. Schlie\u00dfen Sie sich der weltweiten Gemeinschaft von Fachleuten an, die dem Basic Recorder vertrauen, um pr\u00e4zise und zuverl\u00e4ssige Einblicke in den Zustand ihrer Fracht zu erhalten.<\/p>\n<h3><strong>Wesentliche Merkmale:<\/strong><\/h3>\n<ul>\n<li><span data-preserver-spaces=\"true\">Registriergrenzen und Alarmstufen f\u00fcr alle drei Achsen der Beschleunigung<\/span><\/li>\n<li><span data-preserver-spaces=\"true\">Dauer der Beschleunigung f\u00fcr alle drei Achsen<\/span><\/li>\n<li><span data-preserver-spaces=\"true\">Messintervall und Alarmstufe f\u00fcr Temperatur<\/span><\/li>\n<li><span data-preserver-spaces=\"true\">Funktioniert sowohl mit Alkali- als auch mit Lithium-Batterien<\/span><\/li>\n<li><span data-preserver-spaces=\"true\">Start-Funktionen: Datum und Uhrzeit, Start per Taste, Start beim Download<\/span><\/li>\n<li><span data-preserver-spaces=\"true\">Sicherheit: Passwortgesch\u00fctzte Daten<\/span><\/li>\n<\/ul>\n<p>&nbsp;<\/p>","protected":false},"excerpt":{"rendered":"<p>Der B0.0910 Basic Recorder, der f\u00fcr die \u00dcberwachung empfindlicher G\u00fcter entwickelt wurde, liefert Messergebnisse zur Analyse von St\u00f6\u00dfen, Ersch\u00fctterungen und Temperatur\u00e4nderungen. Dieses eigenst\u00e4ndige Ger\u00e4t erfasst bis zu 10.000 Messungen mit pr\u00e4zisen Datums- und Zeitstempeln. Sein robustes Design bietet eine Batterielebensdauer von bis zu 9,5 Monaten und gew\u00e4hrleistet eine zuverl\u00e4ssige Datenquelle f\u00fcr St\u00f6\u00dfe und Beschleunigungen w\u00e4hrend der Reise Ihrer Fracht.<\/p>","protected":false},"featured_media":3468,"template":"","meta":{"_acf_changed":false,"content-type":"","inline_featured_image":false},"product_brand":[],"product_cat":[180],"product_tag":[],"class_list":{"0":"post-3442","1":"product","2":"type-product","3":"status-publish","4":"has-post-thumbnail","6":"product_cat-data-logger-legacy-products","8":"first","9":"instock","10":"shipping-taxable","11":"purchasable","12":"product-type-variable","13":"has-default-attributes"},"acf":[],"_links":{"self":[{"href":"https:\/\/mobitron.com\/de\/wp-json\/wp\/v2\/product\/3442","targetHints":{"allow":["GET"]}}],"collection":[{"href":"https:\/\/mobitron.com\/de\/wp-json\/wp\/v2\/product"}],"about":[{"href":"https:\/\/mobitron.com\/de\/wp-json\/wp\/v2\/types\/product"}],"wp:featuredmedia":[{"embeddable":true,"href":"https:\/\/mobitron.com\/de\/wp-json\/wp\/v2\/media\/3468"}],"wp:attachment":[{"href":"https:\/\/mobitron.com\/de\/wp-json\/wp\/v2\/media?parent=3442"}],"wp:term":[{"taxonomy":"product_brand","embeddable":true,"href":"https:\/\/mobitron.com\/de\/wp-json\/wp\/v2\/product_brand?post=3442"},{"taxonomy":"product_cat","embeddable":true,"href":"https:\/\/mobitron.com\/de\/wp-json\/wp\/v2\/product_cat?post=3442"},{"taxonomy":"product_tag","embeddable":true,"href":"https:\/\/mobitron.com\/de\/wp-json\/wp\/v2\/product_tag?post=3442"}],"curies":[{"name":"wp","href":"https:\/\/api.w.org\/{rel}","templated":true}]}}