{"id":75,"date":"2023-10-09T00:28:35","date_gmt":"2023-10-08T22:28:35","guid":{"rendered":"https:\/\/mobitron.com\/?page_id=75"},"modified":"2025-09-03T13:51:00","modified_gmt":"2025-09-03T11:51:00","slug":"datenschutzrichtlinie","status":"publish","type":"page","link":"https:\/\/mobitron.com\/de\/privacy-policy\/","title":{"rendered":"Datenschutzbestimmungen"},"content":{"rendered":"<div data-elementor-type=\"wp-page\" data-elementor-id=\"75\" class=\"elementor elementor-75\" data-elementor-post-type=\"page\">\n\t\t\t\t\t\t<section class=\"elementor-section elementor-top-section elementor-element elementor-element-1f77ffc elementor-section-height-min-height elementor-section-boxed elementor-section-height-default elementor-section-items-middle\" data-id=\"1f77ffc\" data-element_type=\"section\" data-e-type=\"section\">\n\t\t\t\t\t\t<div class=\"elementor-container elementor-column-gap-default\">\n\t\t\t\t\t<div class=\"elementor-column elementor-col-100 elementor-top-column elementor-element elementor-element-e05c11c\" data-id=\"e05c11c\" data-element_type=\"column\" data-e-type=\"column\">\n\t\t\t<div class=\"elementor-widget-wrap elementor-element-populated\">\n\t\t\t\t\t\t<div class=\"elementor-element elementor-element-1b8ab1c elementor-widget elementor-widget-heading\" data-id=\"1b8ab1c\" data-element_type=\"widget\" data-e-type=\"widget\" data-widget_type=\"heading.default\">\n\t\t\t\t<div class=\"elementor-widget-container\">\n\t\t\t\t\t<h1 class=\"elementor-heading-title elementor-size-default\">Datenschutz und Cookie-Richtlinie<\/h1>\t\t\t\t<\/div>\n\t\t\t\t<\/div>\n\t\t\t\t<div class=\"elementor-element elementor-element-50e11f5 elementor-widget elementor-widget-text-editor\" data-id=\"50e11f5\" data-element_type=\"widget\" data-e-type=\"widget\" data-widget_type=\"text-editor.default\">\n\t\t\t\t<div class=\"elementor-widget-container\">\n\t\t\t\t\t\t\t\t\t<p>Diese Informationen wurden zuletzt am 3. September 2025 aktualisiert.<\/p><p><em>Wir freuen uns \u00fcber Ihren Besuch auf unserer Website und begr\u00fc\u00dfen Ihr Interesse an unserem Unternehmen und unseren Produkten.<\/em><\/p><p><em>Wir sind der Meinung, dass der Schutz der Privatsph\u00e4re ein wichtiges Thema ist, weshalb wir unsere Dienste unter Ber\u00fccksichtigung des Schutzes der Privatsph\u00e4re aufbauen und betreiben.<\/em><\/p><p>Wir nehmen den Schutz personenbezogener Daten ernst - egal, ob Sie unsere Website besuchen, sich f\u00fcr die Nutzung unserer Dienstleistungen registrieren (im Folgenden als \u201cKunden\u201d bezeichnet) oder sich um eine Anstellung bewerben. Diese Datenschutzrichtlinie beschreibt Ihre Rechte und die Verpflichtung von Mobitron, Ihre pers\u00f6nlichen Daten zu sch\u00fctzen. Alle wichtigen Entscheidungen bez\u00fcglich des Datenschutzes werden von der Gesch\u00e4ftsleitung von Mobitron getroffen.<\/p><h2>Erhebung und Verarbeitung von personenbezogenen Daten<\/h2><p>Personenbezogene Daten werden nur dann gespeichert, wenn Sie uns diese von sich aus, z.B. im Rahmen einer Registrierung, einer Umfrage, eines Preisausschreibens oder zur Durchf\u00fchrung eines Vertrages angeben.<\/p><p>Dar\u00fcber hinaus werden beim Besuch unserer Website die folgenden Informationen erfasst: Website, von der aus Sie uns besuchen (Referrer), aufgerufene Seiten, heruntergeladene Dateien (Downloads), angesehene Videos\/Audiotracks, einzelne angeklickte Links, Suchbegriffe oder Suchphrasen (Site-Suche), Dauer des Besuchs, verwendeter Browser usw., wenn der Besuch auf Online-Werbung wie Banner, Videoanzeigen, Suchmaschinenwerbung usw. zur\u00fcckzuf\u00fchren ist.<\/p><p>Die spezifischen Arten personenbezogener Daten, die wir verarbeiten, h\u00e4ngen davon ab, wie Sie als Kunde oder Lieferant mit uns interagiert haben, und von der Art der Dienstleistungen und\/oder Produkte, die wir Ihnen oder Ihrer Organisation anbieten - oder die Sie uns zur Verf\u00fcgung stellen.<\/p><p>Zur Erf\u00fcllung rechtlicher Verpflichtungen nach geltendem Recht oder zur Wahrung unserer berechtigten Interessen kann Mobitron personenbezogene Daten l\u00e4nger als die oben angegebene Dauer aufbewahren. Wir verarbeiten personenbezogene Daten jedoch niemals l\u00e4nger als f\u00fcr den jeweiligen Zweck erforderlich oder gesetzlich zul\u00e4ssig.<\/p><h3>Wie wir personenbezogene Daten sammeln<\/h3><p>Mobitron sammelt im Allgemeinen pers\u00f6nliche Daten direkt von Ihnen. In einigen F\u00e4llen k\u00f6nnen wir auch pers\u00f6nliche Daten \u00fcber Sie sammeln, wenn Ihr Unternehmen ein Kunde von Mobitron ist.<\/p><p>Wir verwenden Cookies und andere Tracking-Technologien, um Ihre Erfahrung zu verbessern, wenn Sie mit unserer Website interagieren, unsere Produkte verwenden oder mit uns per E-Mail kommunizieren.\u00a0<\/p><p>Wir k\u00f6nnen personenbezogene Daten auch aus anderen Quellen beziehen, z. B. von Partnerunternehmen, Social-Media-Plattformen oder externen Datenanbietern.<\/p><p>Wenn wir personenbezogene Daten von Ihnen anfordern, haben Sie immer die M\u00f6glichkeit, dies abzulehnen. Wenn Sie sich jedoch daf\u00fcr entscheiden, die Informationen nicht bereitzustellen, die wir ben\u00f6tigen, um unsere Verpflichtungen Ihnen gegen\u00fcber zu erf\u00fcllen, kann dies dazu f\u00fchren, dass wir diese Dienstleistungen oder Verpflichtungen nicht erf\u00fcllen k\u00f6nnen.<\/p><h3>Website<\/h3><p>Wir k\u00f6nnen begrenzte personenbezogene Daten erheben, die Ihr Browser beim Besuch unserer Website zur Verf\u00fcgung stellt. Zu diesen Protokolldaten geh\u00f6ren Ihre Internetprotokolladresse, der Browsertyp, die Browsersprache, das Datum und die Uhrzeit Ihres Besuchs sowie ein oder mehrere Cookies, die Ihren Browser eindeutig identifizieren k\u00f6nnen (weitere Informationen finden Sie im Abschnitt Cookies weiter unten). Wir verwenden diese Informationen, um das Verhalten der Nutzer besser zu verstehen und unser Angebot weiter zu verbessern sowie um b\u00f6swillige Nutzung wie Hacking und Denial-of-Service-Angriffe zu verhindern.<\/p><p>Bei der Nutzung unserer Website k\u00f6nnen wir Sie bitten, uns bestimmte personenbezogene Daten mitzuteilen, die dazu verwendet werden k\u00f6nnen, Sie zu kontaktieren oder zu identifizieren (\u201cpersonenbezogene Daten\u201d). Zu den personenbezogenen Daten geh\u00f6ren unter anderem E-Mail-Adresse, Vor- und Nachname, Telefonnummer, Adresse, Bundesland, Provinz, Postleitzahl und Ort.<\/p><h3>Cargolog\u00ae Verbinden<\/h3><p>Cargolog\u00ae Connect ist ein Programm zum Sammeln und Darstellen von Daten aus dem Datenlogger Cargolog\u00ae 3rd Gen. W\u00e4hrend der Installation des Programms wird der Benutzer aufgefordert, sich mit einem Benutzernamen und einem Passwort zu registrieren. Dabei wird der Benutzer aufgefordert, einige pers\u00f6nliche Daten, wie Name, Adresse und E-Mail, anzugeben. Diese Daten werden von Mobitron AB gespeichert und verwendet. Mobitron AB \u00fcbernimmt die Verantwortung f\u00fcr alle gespeicherten Daten und wird sie nicht an Dritte verkaufen oder weitergeben. Mobitron AB speichert keine Informationen \u00fcber den Nutzungsprozess.<\/p><h3>Cargolog\u00ae PC-Software<\/h3><p>Die Cargolog PC Software ist ein Programm, das zur Erfassung und Darstellung von Daten aus dem Datenlogger dient. W\u00e4hrend der Installation des Programms muss sich der Benutzer mit einem Schl\u00fcssel registrieren, der dem Besitzer des Ger\u00e4ts zuvor von Mobitron AB zur Verf\u00fcgung gestellt wurde. Bei diesem Vorgang wird der Benutzer aufgefordert, einige pers\u00f6nliche Daten wie Name, Adresse und E-Mail anzugeben. Diese Daten werden von Mobitron AB gespeichert und verwendet. Mobitron AB \u00fcbernimmt die Verantwortung f\u00fcr alle gespeicherten Daten und wird sie nicht an Dritte verkaufen oder weitergeben. Mobitron AB speichert keine Informationen \u00fcber den Nutzungsprozess.<\/p><h3>Cargolog\u00ae Online<\/h3><p>Cargolog online ist ein Tool, das haupts\u00e4chlich zur Speicherung und Darstellung von Daten \u00fcber die Logger, die Benutzer und manchmal auch andere Mitarbeiter verwendet wird. Bei diesen Daten handelt es sich um Dinge wie den Namen des Mitarbeiters und Beschreibungen seiner Arbeit, und es sind Daten, die f\u00fcr die Nutzung des Loggers notwendig sind. Es handelt sich um Daten, die f\u00fcr die Nutzung des Loggers notwendig sind. Die Daten, die gespeichert werden, sind dieselben, die der Benutzer angibt. Cargolog Online wird keine geheimen Informationen sammeln. Wir werden die Informationen auch nicht an Dritte verkaufen oder weitergeben. Mobitron AB \u00fcbernimmt die Verantwortung f\u00fcr die auf unseren Servern gespeicherten Daten.<\/p><h3>Mobitron APP<\/h3><p>Die Android-App ist eine gro\u00dfartige und einfache M\u00f6glichkeit, Daten vom Mobitron-Datenlogger zu sammeln. Der Benutzer muss sich mit einem Schl\u00fcssel registrieren, der dem Besitzer des Ger\u00e4ts von Mobitron AB zur Verf\u00fcgung gestellt wird. Bei diesem Vorgang wird der Benutzer aufgefordert, einige pers\u00f6nliche Daten wie Name, Adresse und E-Mail anzugeben. Diese Daten werden von Mobitron AB gespeichert und verwendet.<\/p><p>Mobitron AB \u00fcbernimmt die Verantwortung f\u00fcr alle von ihr gespeicherten Daten. Dar\u00fcber hinaus speichert Mobitron AB keine Informationen \u00fcber den Nutzungsprozess. Die App nutzt jedoch einige integrierte Dienste von Google, die solche Informationen speichern k\u00f6nnen. Die App verwendet die Standortdaten, um die Karten in der App zu nutzen. Die Standortberechtigung ist auch erforderlich, um \u00fcber Bluetooth eine Verbindung mit den Ger\u00e4ten herzustellen. Die Dateizugriffsberechtigung ist erforderlich, um Protokolldateien auf Ihrem Smartphone zu speichern, in denen Daten vom Aufprallrekorder gespeichert werden. Die Dateizugriffsberechtigung wird auch f\u00fcr die M\u00f6glichkeit verwendet, angemeldet zu bleiben, sobald der Registrierungsprozess best\u00e4tigt wurde.<\/p><h4>Berechtigungen<\/h4><p>Sie ben\u00f6tigt die Standortdaten, um die Karten in der App zu verwenden. Die Standortberechtigung ist auch erforderlich, um \u00fcber Bluetooth eine Verbindung mit den Ger\u00e4ten herzustellen. Die Dateizugriffsberechtigung ist erforderlich, um Protokolldateien auf Ihrem Smartphone zu speichern, in denen Daten aus dem Aufprallrekorder gespeichert werden. Die Dateizugriffsberechtigung wird auch daf\u00fcr verwendet, dass Sie nach der Registrierung angemeldet bleiben k\u00f6nnen. Es wird auch den Status und die Identit\u00e4t des Telefons auslesen.<\/p><h2>Cookies und Nutzungsdaten<\/h2><h3>Verwendungsdaten<\/h3><p>Wir k\u00f6nnen auch Informationen erfassen, die Ihr Browser sendet, wenn Sie unseren Dienst besuchen oder wenn Sie \u00fcber ein Mobilger\u00e4t auf den Dienst zugreifen (\u201cNutzungsdaten\u201d). Diese Nutzungsdaten k\u00f6nnen Informationen wie die Internetprotokolladresse Ihres Computers (z. B. IP-Adresse), den Browsertyp, die Browserversion, die von Ihnen besuchten Seiten unseres Dienstes, die Uhrzeit und das Datum Ihres Besuchs, die auf diesen Seiten verbrachte Zeit, eindeutige Ger\u00e4tekennungen und andere Diagnosedaten enthalten. Wenn Sie mit oder \u00fcber ein mobiles Ger\u00e4t auf den Dienst zugreifen, k\u00f6nnen diese Nutzungsdaten Informationen wie die Art des von Ihnen verwendeten mobilen Ger\u00e4ts, die eindeutige ID Ihres mobilen Ger\u00e4ts, die IP-Adresse Ihres mobilen Ger\u00e4ts, Ihr mobiles Betriebssystem, die Art des von Ihnen verwendeten mobilen Internetbrowsers, eindeutige Ger\u00e4tekennungen und andere Diagnosedaten enthalten.<\/p><h3>Tracking &amp; Cookies Daten<\/h3><p>Wir verwenden Cookies und \u00e4hnliche Tracking-Technologien, um die Aktivit\u00e4ten in unserem Dienst zu verfolgen und bestimmte Informationen zu speichern. Cookies sind Dateien mit einer kleinen Menge von Daten, die eine eindeutige anonyme Kennung enthalten k\u00f6nnen. Cookies werden von einer Website an Ihren Browser gesendet und auf Ihrem Ger\u00e4t gespeichert. Als Tracking-Technologien werden auch Beacons, Tags und Skripte verwendet, um Informationen zu sammeln und zu verfolgen und um unseren Dienst zu verbessern und zu analysieren. Sie k\u00f6nnen Ihren Browser so einstellen, dass er alle Cookies ablehnt oder anzeigt, wenn ein Cookie gesendet wird. Wenn Sie jedoch keine Cookies akzeptieren, k\u00f6nnen Sie m\u00f6glicherweise einige Teile unseres Dienstes nicht nutzen.<\/p><h3>Verwendung von Daten<\/h3><p>Mobitron AB verwendet die gesammelten Daten f\u00fcr verschiedene Zwecke:<\/p><ul><li>Zur Bereitstellung und Aufrechterhaltung des Dienstes<\/li><li>Um Sie \u00fcber \u00c4nderungen an unserem Service zu informieren<\/li><li>Um Ihnen die Teilnahme an interaktiven Funktionen unseres Dienstes zu erm\u00f6glichen, wenn Sie dies w\u00fcnschen<\/li><li>Kundenbetreuung und -unterst\u00fctzung<\/li><li>Um Analysen oder wertvolle Informationen zu liefern, damit wir den Service verbessern k\u00f6nnen<\/li><li>Um die Nutzung des Dienstes zu \u00fcberwachen<\/li><li>Erkennen, Vorbeugen und Beheben technischer Probleme<\/li><\/ul><h3>\u00dcbermittlung von Daten<\/h3><p>Ihre Informationen, einschlie\u00dflich personenbezogener Daten, k\u00f6nnen an Computer au\u00dferhalb Ihres Staates, Ihrer Provinz, Ihres Landes oder einer anderen Regierungsbeh\u00f6rde \u00fcbertragen und dort gespeichert werden, wo andere Datenschutzgesetze gelten als in Ihrem Land. Wenn Sie sich au\u00dferhalb Schwedens befinden und uns Informationen zur Verf\u00fcgung stellen, beachten Sie bitte, dass wir die Daten, einschlie\u00dflich personenbezogener Daten, nach Schweden \u00fcbertragen und dort verarbeiten. Mit Ihrer Zustimmung zu dieser Datenschutzrichtlinie und der anschlie\u00dfenden \u00dcbermittlung solcher Informationen erkl\u00e4ren Sie sich mit dieser \u00dcbertragung einverstanden. Mobitron AB wird alle angemessenen Ma\u00dfnahmen ergreifen, um sicherzustellen, dass Ihre Daten sicher und gem\u00e4\u00df dieser Datenschutzrichtlinie behandelt werden, und es wird keine \u00dcbermittlung Ihrer pers\u00f6nlichen Daten an eine Organisation oder ein Land stattfinden, wenn nicht angemessene Kontrollen vorhanden sind, die die Sicherheit Ihrer Daten und anderer pers\u00f6nlicher Informationen einschlie\u00dfen.<\/p><h3>Offenlegung von Daten<\/h3><p>Mobitron AB kann Ihre pers\u00f6nlichen Daten in dem guten Glauben offenlegen, dass eine solche Handlung notwendig ist, um:<\/p><ul><li>Um einer gesetzlichen Verpflichtung nachzukommen<\/li><li>Zum Schutz und zur Verteidigung der Rechte und des Eigentums von Mobitron AB<\/li><li>Um m\u00f6gliches Fehlverhalten im Zusammenhang mit dem Dienst zu verhindern oder zu untersuchen<\/li><li>Zum Schutz der pers\u00f6nlichen Sicherheit von Nutzern des Dienstes oder der \u00d6ffentlichkeit<\/li><li>Zum Schutz vor rechtlicher Haftung<\/li><\/ul><h3>Sicherheit der Daten<\/h3><p>Die Sicherheit Ihrer Daten ist uns wichtig, aber denken Sie daran, dass keine Methode der \u00dcbertragung \u00fcber das Internet oder der elektronischen Speicherung 100% sicher ist. Obwohl wir uns bem\u00fchen, kommerziell akzeptable Mittel zum Schutz Ihrer pers\u00f6nlichen Daten einzusetzen, k\u00f6nnen wir deren absolute Sicherheit nicht garantieren.<\/p><h3>Anbieter von Dienstleistungen<\/h3><p>Wir k\u00f6nnen Drittunternehmen und Einzelpersonen damit beauftragen, unseren Dienst zu erleichtern (\u201cDienstanbieter\u201d), den Dienst in unserem Namen bereitzustellen, dienstleistungsbezogene Dienstleistungen zu erbringen oder uns bei der Analyse der Nutzung unseres Dienstes zu unterst\u00fctzen. Diese Dritten haben nur Zugang zu Ihren pers\u00f6nlichen Daten, um diese Aufgaben in unserem Namen zu erf\u00fcllen, und sind verpflichtet, diese nicht weiterzugeben oder f\u00fcr andere Zwecke zu verwenden.<\/p><h4><strong>Soziale Medien<\/strong><\/h4><p>Wenn Sie die Social-Media-Kan\u00e4le von Mobitron besuchen, mit ihnen interagieren oder sich anderweitig engagieren, k\u00f6nnen Ihre personenbezogenen Daten auch von dem Unternehmen erfasst werden, das Eigent\u00fcmer der jeweiligen Plattform ist. In diesem Zusammenhang k\u00f6nnen personenbezogene Daten, die \u00fcber die Kan\u00e4le von Mobitron erhoben wurden, in die Vereinigten Staaten oder andere L\u00e4nder au\u00dferhalb der EU\/des EWR \u00fcbertragen werden.<\/p><p>Zum Beispiel:<\/p><ul><li><strong>Meta (Facebook, Instagram)<\/strong>: Personenbezogene Daten, die \u00fcber die Plattformen von Meta erhoben werden, k\u00f6nnen in Drittl\u00e4nder \u00fcbermittelt werden. Weitere Informationen \u00fcber die Daten\u00fcbertragungspraktiken von Meta und die Standardvertragsklauseln finden Sie auf der offiziellen Website von Meta.<\/li><\/ul><p><strong>LinkedIn<\/strong>: Durch die Nutzung der LinkedIn-Dienste werden Ihre personenbezogenen Daten von der Microsoft Corporation verarbeitet. Weitere Informationen \u00fcber die Datenverarbeitungspraktiken von Microsoft und die internationale Daten\u00fcbermittlung finden Sie auf den Datenschutzseiten von Microsoft.<\/p><p>Mobitron ermutigt die Benutzer, die Datenschutzrichtlinien dieser Plattformen zu lesen, um zu verstehen, wie Ihre Daten au\u00dferhalb unserer Kontrolle verwaltet werden.<\/p><h2>Analytik<\/h2><p>Wir k\u00f6nnen Drittanbieter einsetzen, um die Nutzung unseres Dienstes zu \u00fcberwachen und zu analysieren.<\/p><h3>Google-Analysen<\/h3><p>Google Analytics ist ein von Google angebotener Webanalysedienst, der den Website-Verkehr verfolgt und berichtet. Google verwendet die gesammelten Daten, um die Nutzung unseres Dienstes zu verfolgen und zu \u00fcberwachen. Diese Daten werden mit anderen Google-Diensten geteilt. Google kann die gesammelten Daten verwenden, um die Anzeigen seines Werbenetzwerks zu kontextualisieren und zu personalisieren.<\/p><p>F\u00fcr weitere Informationen \u00fcber die Datenschutzpraktiken von Google besuchen Sie bitte die <a href=\"https:\/\/policies.google.com\/privacy?hl=en-US\" target=\"_blank\" rel=\"noopener\">Google Webseite f\u00fcr Datenschutz und Nutzungsbedingungen<\/a>.<\/p><h3>Links zu anderen Websites<\/h3><p>Unser Service kann Links zu anderen Websites enthalten, die nicht von uns betrieben werden. Wenn Sie auf einen Link einer dritten Partei klicken, werden Sie auf die Seite dieser dritten Partei weitergeleitet. Wir empfehlen Ihnen dringend, die Datenschutzrichtlinien jeder Website, die Sie besuchen, zu lesen. Wir haben keine Kontrolle \u00fcber und \u00fcbernehmen keine Verantwortung f\u00fcr den Inhalt, die Datenschutzrichtlinien oder Praktiken von Websites oder Diensten Dritter.<\/p><h3>Die Privatsph\u00e4re von Kindern<\/h3><p>Unser Service richtet sich nicht an Personen unter 18 Jahren (\u201cKinder\u201d). Wir sammeln nicht wissentlich personenbezogene Daten von Personen unter 18 Jahren. Wenn Sie ein Elternteil oder Erziehungsberechtigter sind und wissen, dass Ihr Kind uns personenbezogene Daten zur Verf\u00fcgung gestellt hat, kontaktieren Sie uns bitte. Wenn wir erfahren, dass wir personenbezogene Daten von Kindern ohne \u00dcberpr\u00fcfung der elterlichen Zustimmung erfasst haben, ergreifen wir Ma\u00dfnahmen, um diese Daten von unseren Servern zu entfernen.<\/p><h3>\u00c4nderungen an dieser Datenschutzrichtlinie<\/h3><p>Wir k\u00f6nnen unsere Datenschutzrichtlinie von Zeit zu Zeit aktualisieren. Wir werden Sie \u00fcber alle \u00c4nderungen informieren, indem wir die neue Datenschutzrichtlinie auf dieser Seite ver\u00f6ffentlichen. Wir empfehlen Ihnen, diese Datenschutzrichtlinie regelm\u00e4\u00dfig auf \u00c4nderungen zu \u00fcberpr\u00fcfen.<\/p>\t\t\t\t\t\t\t\t<\/div>\n\t\t\t\t<\/div>\n\t\t\t\t<div class=\"elementor-element elementor-element-9a18c37 elementor-align-center elementor-widget elementor-widget-button\" data-id=\"9a18c37\" data-element_type=\"widget\" data-e-type=\"widget\" data-widget_type=\"button.default\">\n\t\t\t\t<div class=\"elementor-widget-container\">\n\t\t\t\t\t\t\t\t\t<div class=\"elementor-button-wrapper\">\n\t\t\t\t\t<a class=\"elementor-button elementor-button-link elementor-size-sm\" href=\"https:\/\/mobitron.com\/de\/kontaktieren-sie-uns\/\">\n\t\t\t\t\t\t<span class=\"elementor-button-content-wrapper\">\n\t\t\t\t\t\t\t\t\t<span class=\"elementor-button-text\">Kontakt<\/span>\n\t\t\t\t\t<\/span>\n\t\t\t\t\t<\/a>\n\t\t\t\t<\/div>\n\t\t\t\t\t\t\t\t<\/div>\n\t\t\t\t<\/div>\n\t\t\t\t\t<\/div>\n\t\t<\/div>\n\t\t\t\t\t<\/div>\n\t\t<\/section>\n\t\t\t\t<\/div>","protected":false},"excerpt":{"rendered":"<p>Privacy and cookie policy This information was last updated on September 3, 2025. We are pleased to have you visit our site and welcomes your interest in the company and our products. We believe privacy is an important issue, so we build and operate our services with the protection of privacy considered We take the [&hellip;]<\/p>\n","protected":false},"author":2,"featured_media":0,"parent":0,"menu_order":0,"comment_status":"closed","ping_status":"closed","template":"elementor_header_footer","meta":{"_acf_changed":false,"content-type":"","inline_featured_image":false,"footnotes":""},"class_list":["post-75","page","type-page","status-publish","hentry"],"acf":[],"_links":{"self":[{"href":"https:\/\/mobitron.com\/de\/wp-json\/wp\/v2\/pages\/75","targetHints":{"allow":["GET"]}}],"collection":[{"href":"https:\/\/mobitron.com\/de\/wp-json\/wp\/v2\/pages"}],"about":[{"href":"https:\/\/mobitron.com\/de\/wp-json\/wp\/v2\/types\/page"}],"author":[{"embeddable":true,"href":"https:\/\/mobitron.com\/de\/wp-json\/wp\/v2\/users\/2"}],"replies":[{"embeddable":true,"href":"https:\/\/mobitron.com\/de\/wp-json\/wp\/v2\/comments?post=75"}],"version-history":[{"count":29,"href":"https:\/\/mobitron.com\/de\/wp-json\/wp\/v2\/pages\/75\/revisions"}],"predecessor-version":[{"id":6241,"href":"https:\/\/mobitron.com\/de\/wp-json\/wp\/v2\/pages\/75\/revisions\/6241"}],"wp:attachment":[{"href":"https:\/\/mobitron.com\/de\/wp-json\/wp\/v2\/media?parent=75"}],"curies":[{"name":"wp","href":"https:\/\/api.w.org\/{rel}","templated":true}]}}