{"id":72,"date":"2023-10-09T00:27:58","date_gmt":"2023-10-08T22:27:58","guid":{"rendered":"https:\/\/mobitron.com\/?page_id=72"},"modified":"2025-11-13T14:51:55","modified_gmt":"2025-11-13T13:51:55","slug":"kontaktieren-sie-uns","status":"publish","type":"page","link":"https:\/\/mobitron.com\/de\/contact-us\/","title":{"rendered":"Kontakt"},"content":{"rendered":"<div data-elementor-type=\"wp-page\" data-elementor-id=\"72\" class=\"elementor elementor-72\" data-elementor-post-type=\"page\">\n\t\t\t\t\t\t<section class=\"elementor-section elementor-top-section elementor-element elementor-element-a6cf27b elementor-section-height-min-height elementor-section-items-top elementor-section-boxed elementor-section-height-default\" data-id=\"a6cf27b\" data-element_type=\"section\" data-e-type=\"section\">\n\t\t\t\t\t\t<div class=\"elementor-container elementor-column-gap-default\">\n\t\t\t\t\t<div class=\"elementor-column elementor-col-50 elementor-top-column elementor-element elementor-element-94f17ab\" data-id=\"94f17ab\" data-element_type=\"column\" data-e-type=\"column\">\n\t\t\t<div class=\"elementor-widget-wrap elementor-element-populated\">\n\t\t\t\t\t\t<div class=\"elementor-element elementor-element-979a4b4 elementor-widget elementor-widget-heading\" data-id=\"979a4b4\" data-element_type=\"widget\" data-e-type=\"widget\" data-widget_type=\"heading.default\">\n\t\t\t\t<div class=\"elementor-widget-container\">\n\t\t\t\t\t<h1 class=\"elementor-heading-title elementor-size-default\">Kontakt<\/h1>\t\t\t\t<\/div>\n\t\t\t\t<\/div>\n\t\t\t\t<div class=\"elementor-element elementor-element-d391e76 elementor-widget elementor-widget-text-editor\" data-id=\"d391e76\" data-element_type=\"widget\" data-e-type=\"widget\" data-widget_type=\"text-editor.default\">\n\t\t\t\t<div class=\"elementor-widget-container\">\n\t\t\t\t\t\t\t\t\t<p>Nutzen Sie das unten stehende Formular, um mit uns Kontakt aufzunehmen. Wir freuen uns darauf, unser Fachwissen mit Ihnen zu teilen und Sie dabei zu unterst\u00fctzen, die ideale L\u00f6sung f\u00fcr Ihre Bed\u00fcrfnisse zu finden.<\/p><p>Um Zeit zu sparen, \u00fcberpr\u00fcfen Sie bitte, ob Ihre Frage bereits in unseren h\u00e4ufig gestellten Fragen (FAQ) behandelt wurde, bevor Sie Ihre Anfrage einreichen.<\/p>\t\t\t\t\t\t\t\t<\/div>\n\t\t\t\t<\/div>\n\t\t\t\t<div class=\"elementor-element elementor-element-30ed358 elementor-widget__width-auto elementor-widget elementor-widget-button\" data-id=\"30ed358\" data-element_type=\"widget\" data-e-type=\"widget\" data-widget_type=\"button.default\">\n\t\t\t\t<div class=\"elementor-widget-container\">\n\t\t\t\t\t\t\t\t\t<div class=\"elementor-button-wrapper\">\n\t\t\t\t\t<a class=\"elementor-button elementor-button-link elementor-size-sm\" href=\"https:\/\/mobitron.com\/de\/faq\/\">\n\t\t\t\t\t\t<span class=\"elementor-button-content-wrapper\">\n\t\t\t\t\t\t\t\t\t<span class=\"elementor-button-text\">FAQ<\/span>\n\t\t\t\t\t<\/span>\n\t\t\t\t\t<\/a>\n\t\t\t\t<\/div>\n\t\t\t\t\t\t\t\t<\/div>\n\t\t\t\t<\/div>\n\t\t\t\t<div class=\"elementor-element elementor-element-0231227 elementor-widget__width-auto elementor-widget elementor-widget-button\" data-id=\"0231227\" data-element_type=\"widget\" data-e-type=\"widget\" data-widget_type=\"button.default\">\n\t\t\t\t<div class=\"elementor-widget-container\">\n\t\t\t\t\t\t\t\t\t<div class=\"elementor-button-wrapper\">\n\t\t\t\t\t<a class=\"elementor-button elementor-button-link elementor-size-sm\" href=\"https:\/\/mobitron.com\/de\/partner\/\">\n\t\t\t\t\t\t<span class=\"elementor-button-content-wrapper\">\n\t\t\t\t\t\t\t\t\t<span class=\"elementor-button-text\">Vertriebspartner<\/span>\n\t\t\t\t\t<\/span>\n\t\t\t\t\t<\/a>\n\t\t\t\t<\/div>\n\t\t\t\t\t\t\t\t<\/div>\n\t\t\t\t<\/div>\n\t\t\t\t<section class=\"elementor-section elementor-inner-section elementor-element elementor-element-42da060 elementor-section-boxed elementor-section-height-default elementor-section-height-default\" data-id=\"42da060\" data-element_type=\"section\" data-e-type=\"section\">\n\t\t\t\t\t\t<div class=\"elementor-container elementor-column-gap-default\">\n\t\t\t\t\t<div class=\"elementor-column elementor-col-50 elementor-inner-column elementor-element elementor-element-d2d50e1\" data-id=\"d2d50e1\" data-element_type=\"column\" data-e-type=\"column\">\n\t\t\t<div class=\"elementor-widget-wrap elementor-element-populated\">\n\t\t\t\t\t\t<div class=\"elementor-element elementor-element-634a83d contact-icon elementor-view-default elementor-widget elementor-widget-icon\" data-id=\"634a83d\" data-element_type=\"widget\" data-e-type=\"widget\" data-widget_type=\"icon.default\">\n\t\t\t\t<div class=\"elementor-widget-container\">\n\t\t\t\t\t\t\t<div class=\"elementor-icon-wrapper\">\n\t\t\t<div class=\"elementor-icon\">\n\t\t\t<svg aria-hidden=\"true\" class=\"e-font-icon-svg e-fas-envelope\" viewbox=\"0 0 512 512\" xmlns=\"http:\/\/www.w3.org\/2000\/svg\"><path d=\"M502.3 190.8c3.9-3.1 9.7-.2 9.7 4.7V400c0 26.5-21.5 48-48 48H48c-26.5 0-48-21.5-48-48V195.6c0-5 5.7-7.8 9.7-4.7 22.4 17.4 52.1 39.5 154.1 113.6 21.1 15.4 56.7 47.8 92.2 47.6 35.7.3 72-32.8 92.3-47.6 102-74.1 131.6-96.3 154-113.7zM256 320c23.2.4 56.6-29.2 73.4-41.4 132.7-96.3 142.8-104.7 173.4-128.7 5.8-4.5 9.2-11.5 9.2-18.9v-19c0-26.5-21.5-48-48-48H48C21.5 64 0 85.5 0 112v19c0 7.4 3.4 14.3 9.2 18.9 30.6 23.9 40.7 32.4 173.4 128.7 16.8 12.2 50.2 41.8 73.4 41.4z\"><\/path><\/svg>\t\t\t<\/div>\n\t\t<\/div>\n\t\t\t\t\t\t<\/div>\n\t\t\t\t<\/div>\n\t\t\t\t\t<\/div>\n\t\t<\/div>\n\t\t\t\t<div class=\"elementor-column elementor-col-50 elementor-inner-column elementor-element elementor-element-e6e3aee\" data-id=\"e6e3aee\" data-element_type=\"column\" data-e-type=\"column\">\n\t\t\t<div class=\"elementor-widget-wrap elementor-element-populated\">\n\t\t\t\t\t\t<div class=\"elementor-element elementor-element-fa1ad9c elementor-widget elementor-widget-heading\" data-id=\"fa1ad9c\" data-element_type=\"widget\" data-e-type=\"widget\" data-widget_type=\"heading.default\">\n\t\t\t\t<div class=\"elementor-widget-container\">\n\t\t\t\t\t<p class=\"elementor-heading-title elementor-size-default\">Mail hier<\/p>\t\t\t\t<\/div>\n\t\t\t\t<\/div>\n\t\t\t\t<div class=\"elementor-element elementor-element-66917b3 elementor-widget elementor-widget-heading\" data-id=\"66917b3\" data-element_type=\"widget\" data-e-type=\"widget\" data-widget_type=\"heading.default\">\n\t\t\t\t<div class=\"elementor-widget-container\">\n\t\t\t\t\t<p class=\"elementor-heading-title elementor-size-default\"><a href=\"mailto:info@mobitron.com\">info@mobitron.com<\/a><\/p>\t\t\t\t<\/div>\n\t\t\t\t<\/div>\n\t\t\t\t\t<\/div>\n\t\t<\/div>\n\t\t\t\t\t<\/div>\n\t\t<\/section>\n\t\t\t\t<section class=\"elementor-section elementor-inner-section elementor-element elementor-element-24697e7 elementor-section-boxed elementor-section-height-default elementor-section-height-default\" data-id=\"24697e7\" data-element_type=\"section\" data-e-type=\"section\">\n\t\t\t\t\t\t<div class=\"elementor-container elementor-column-gap-default\">\n\t\t\t\t\t<div class=\"elementor-column elementor-col-50 elementor-inner-column elementor-element elementor-element-4856ec2\" data-id=\"4856ec2\" data-element_type=\"column\" data-e-type=\"column\">\n\t\t\t<div class=\"elementor-widget-wrap elementor-element-populated\">\n\t\t\t\t\t\t<div class=\"elementor-element elementor-element-b3aedbb contact-icon elementor-view-default elementor-widget elementor-widget-icon\" data-id=\"b3aedbb\" data-element_type=\"widget\" data-e-type=\"widget\" data-widget_type=\"icon.default\">\n\t\t\t\t<div class=\"elementor-widget-container\">\n\t\t\t\t\t\t\t<div class=\"elementor-icon-wrapper\">\n\t\t\t<div class=\"elementor-icon\">\n\t\t\t<svg aria-hidden=\"true\" class=\"e-font-icon-svg e-fas-phone-alt\" viewbox=\"0 0 512 512\" xmlns=\"http:\/\/www.w3.org\/2000\/svg\"><path d=\"M497.39 361.8l-112-48a24 24 0 0 0-28 6.9l-49.6 60.6A370.66 370.66 0 0 1 130.6 204.11l60.6-49.6a23.94 23.94 0 0 0 6.9-28l-48-112A24.16 24.16 0 0 0 122.6.61l-104 24A24 24 0 0 0 0 48c0 256.5 207.9 464 464 464a24 24 0 0 0 23.4-18.6l24-104a24.29 24.29 0 0 0-14.01-27.6z\"><\/path><\/svg>\t\t\t<\/div>\n\t\t<\/div>\n\t\t\t\t\t\t<\/div>\n\t\t\t\t<\/div>\n\t\t\t\t\t<\/div>\n\t\t<\/div>\n\t\t\t\t<div class=\"elementor-column elementor-col-50 elementor-inner-column elementor-element elementor-element-202577b\" data-id=\"202577b\" data-element_type=\"column\" data-e-type=\"column\">\n\t\t\t<div class=\"elementor-widget-wrap elementor-element-populated\">\n\t\t\t\t\t\t<div class=\"elementor-element elementor-element-a8f9f87 elementor-widget elementor-widget-heading\" data-id=\"a8f9f87\" data-element_type=\"widget\" data-e-type=\"widget\" data-widget_type=\"heading.default\">\n\t\t\t\t<div class=\"elementor-widget-container\">\n\t\t\t\t\t<p class=\"elementor-heading-title elementor-size-default\">Jetzt anrufen<\/p>\t\t\t\t<\/div>\n\t\t\t\t<\/div>\n\t\t\t\t<div class=\"elementor-element elementor-element-4d26358 elementor-widget elementor-widget-heading\" data-id=\"4d26358\" data-element_type=\"widget\" data-e-type=\"widget\" data-widget_type=\"heading.default\">\n\t\t\t\t<div class=\"elementor-widget-container\">\n\t\t\t\t\t<p class=\"elementor-heading-title elementor-size-default\"><a href=\"tel:+463651225\">+46(0) 36-512 25<\/a><\/p>\t\t\t\t<\/div>\n\t\t\t\t<\/div>\n\t\t\t\t\t<\/div>\n\t\t<\/div>\n\t\t\t\t\t<\/div>\n\t\t<\/section>\n\t\t\t\t<section class=\"elementor-section elementor-inner-section elementor-element elementor-element-2037904 elementor-section-boxed elementor-section-height-default elementor-section-height-default\" data-id=\"2037904\" data-element_type=\"section\" data-e-type=\"section\">\n\t\t\t\t\t\t<div class=\"elementor-container elementor-column-gap-default\">\n\t\t\t\t\t<div class=\"elementor-column elementor-col-50 elementor-inner-column elementor-element elementor-element-bc49ba2\" data-id=\"bc49ba2\" data-element_type=\"column\" data-e-type=\"column\">\n\t\t\t<div class=\"elementor-widget-wrap elementor-element-populated\">\n\t\t\t\t\t\t<div class=\"elementor-element elementor-element-8168423 contact-icon elementor-view-default elementor-widget elementor-widget-icon\" data-id=\"8168423\" data-element_type=\"widget\" data-e-type=\"widget\" data-widget_type=\"icon.default\">\n\t\t\t\t<div class=\"elementor-widget-container\">\n\t\t\t\t\t\t\t<div class=\"elementor-icon-wrapper\">\n\t\t\t<div class=\"elementor-icon\">\n\t\t\t<svg aria-hidden=\"true\" class=\"e-font-icon-svg e-fas-map-marker-alt\" viewbox=\"0 0 384 512\" xmlns=\"http:\/\/www.w3.org\/2000\/svg\"><path d=\"M172.268 501.67C26.97 291.031 0 269.413 0 192 0 85.961 85.961 0 192 0s192 85.961 192 192c0 77.413-26.97 99.031-172.268 309.67-9.535 13.774-29.93 13.773-39.464 0zM192 272c44.183 0 80-35.817 80-80s-35.817-80-80-80-80 35.817-80 80 35.817 80 80 80z\"><\/path><\/svg>\t\t\t<\/div>\n\t\t<\/div>\n\t\t\t\t\t\t<\/div>\n\t\t\t\t<\/div>\n\t\t\t\t\t<\/div>\n\t\t<\/div>\n\t\t\t\t<div class=\"elementor-column elementor-col-50 elementor-inner-column elementor-element elementor-element-deb2dbc\" data-id=\"deb2dbc\" data-element_type=\"column\" data-e-type=\"column\">\n\t\t\t<div class=\"elementor-widget-wrap elementor-element-populated\">\n\t\t\t\t\t\t<div class=\"elementor-element elementor-element-9c1f3f8 elementor-widget elementor-widget-heading\" data-id=\"9c1f3f8\" data-element_type=\"widget\" data-e-type=\"widget\" data-widget_type=\"heading.default\">\n\t\t\t\t<div class=\"elementor-widget-container\">\n\t\t\t\t\t<p class=\"elementor-heading-title elementor-size-default\">Standort<\/p>\t\t\t\t<\/div>\n\t\t\t\t<\/div>\n\t\t\t\t<div class=\"elementor-element elementor-element-6ecd1a5 elementor-widget elementor-widget-heading\" data-id=\"6ecd1a5\" data-element_type=\"widget\" data-e-type=\"widget\" data-widget_type=\"heading.default\">\n\t\t\t\t<div class=\"elementor-widget-container\">\n\t\t\t\t\t<p class=\"elementor-heading-title elementor-size-default\"><a href=\"https:\/\/www.google.com\/maps\/place\/57%C2%B051&#039;23.0%22N+14%C2%B018&#039;28.5%22E\/@57.856292,14.3075527,17z\/data=!4m13!1m8!3m7!1s0x465a6b48c771393d:0x2fa02708650eb9ab!2sHunnerydsv%C3%A4gen+1,+561+46+Huskvarna!3b1!8m2!3d57.856292!4d14.3075527!16s%2Fg%2F11c5fjndkg!3m3!8m2!3d57.856374!4d14.307921?entry=ttu\" target=\"_blank\" rel=\"noopener\">Hunneryds G\u00e5rd 1<br>\n561 46 Huskvarna, Schweden<\/a><\/p>\t\t\t\t<\/div>\n\t\t\t\t<\/div>\n\t\t\t\t\t<\/div>\n\t\t<\/div>\n\t\t\t\t\t<\/div>\n\t\t<\/section>\n\t\t\t\t<div class=\"elementor-element elementor-element-ea56537 elementor-widget elementor-widget-text-editor\" data-id=\"ea56537\" data-element_type=\"widget\" data-e-type=\"widget\" data-widget_type=\"text-editor.default\">\n\t\t\t\t<div class=\"elementor-widget-container\">\n\t\t\t\t\t\t\t\t\t<p><strong>\u00d6ffnungszeiten:<\/strong> 08:00 Uhr - 17:00 Uhr \/ Montag bis Freitag<\/p>\n<p><strong>Feiertags-Schlie\u00dfung:<\/strong> Bitte beachten Sie, dass wir geschlossen sind von <strong>23. Dezember 2025 bis 7. Januar 2026<\/strong> \u00fcber die Weihnachts- und Neujahrsfeiertage.<\/p>\n<p>Um eine Lieferung vor diesem Zeitraum zu gew\u00e4hrleisten, geben Sie bitte Ihre Bestellungen auf <strong>bis sp\u00e4testens 1. Dezember 2025<\/strong>.<\/p>\t\t\t\t\t\t\t\t<\/div>\n\t\t\t\t<\/div>\n\t\t\t\t\t<\/div>\n\t\t<\/div>\n\t\t\t\t<div class=\"elementor-column elementor-col-50 elementor-top-column elementor-element elementor-element-f1f7c14\" data-id=\"f1f7c14\" data-element_type=\"column\" data-e-type=\"column\">\n\t\t\t<div class=\"elementor-widget-wrap elementor-element-populated\">\n\t\t\t\t\t\t<div class=\"elementor-element elementor-element-3e218b7 elementor-widget elementor-widget-shortcode\" data-id=\"3e218b7\" data-element_type=\"widget\" data-e-type=\"widget\" id=\"eng-form\" data-widget_type=\"shortcode.default\">\n\t\t\t\t<div class=\"elementor-widget-container\">\n\t\t\t\t\t\t\t<div class=\"elementor-shortcode\">\n\t\t\t\t\t\t<script>\n\t\t\t\t\t\t\twindow.hsFormsOnReady = window.hsFormsOnReady || [];\n\t\t\t\t\t\t\twindow.hsFormsOnReady.push(()=>{\n\t\t\t\t\t\t\t\thbspt.forms.create({\n\t\t\t\t\t\t\t\t\tportalId: 5936648,\n\t\t\t\t\t\t\t\t\tformId: \"e6a00b1f-772a-4b75-a733-e84d2612692f\",\n\t\t\t\t\t\t\t\t\ttarget: \"#hbspt-form-1777622735000-0689524213\",\n\t\t\t\t\t\t\t\t\tregion: \"na1\",\n\t\t\t\t\t\t\t\t\t\n\t\t\t\t\t\t\t})});\n\t\t\t\t\t\t<\/script>\n\t\t\t\t\t\t<div class=\"hbspt-form\" id=\"hbspt-form-1777622735000-0689524213\"><\/div><\/div>\n\t\t\t\t\t\t<\/div>\n\t\t\t\t<\/div>\n\t\t\t\t\t<\/div>\n\t\t<\/div>\n\t\t\t\t\t<\/div>\n\t\t<\/section>\n\t\t\t\t<section class=\"elementor-section elementor-top-section elementor-element elementor-element-2a1eb15 elementor-section-boxed elementor-section-height-default elementor-section-height-default\" data-id=\"2a1eb15\" data-element_type=\"section\" data-e-type=\"section\">\n\t\t\t\t\t\t<div class=\"elementor-container elementor-column-gap-default\">\n\t\t\t\t\t<div class=\"elementor-column elementor-col-100 elementor-top-column elementor-element elementor-element-b18ecfe\" data-id=\"b18ecfe\" data-element_type=\"column\" data-e-type=\"column\" data-settings=\"{&quot;background_background&quot;:&quot;classic&quot;}\">\n\t\t\t<div class=\"elementor-widget-wrap elementor-element-populated\">\n\t\t\t\t\t<div class=\"elementor-background-overlay\"><\/div>\n\t\t\t\t\t\t<div class=\"elementor-element elementor-element-ede22ee elementor-widget elementor-widget-heading\" data-id=\"ede22ee\" data-element_type=\"widget\" data-e-type=\"widget\" data-widget_type=\"heading.default\">\n\t\t\t\t<div class=\"elementor-widget-container\">\n\t\t\t\t\t<h2 class=\"elementor-heading-title elementor-size-default\">Besuchen Sie uns!<\/h2>\t\t\t\t<\/div>\n\t\t\t\t<\/div>\n\t\t\t\t<div class=\"elementor-element elementor-element-a81031e elementor-widget elementor-widget-google_maps\" data-id=\"a81031e\" data-element_type=\"widget\" data-e-type=\"widget\" data-widget_type=\"google_maps.default\">\n\t\t\t\t<div class=\"elementor-widget-container\">\n\t\t\t\t\t\t\t<div class=\"elementor-custom-embed\">\n\t\t\t<iframe loading=\"lazy\"\n\t\t\t\t\tsrc=\"https:\/\/maps.google.com\/maps?q=Mobitron%20AB&#038;t=m&#038;z=14&#038;output=embed&#038;iwloc=near\"\n\t\t\t\t\ttitle=\"Mobitron AB\"\n\t\t\t\t\taria-label=\"Mobitron AB\"\n\t\t\t><\/iframe>\n\t\t<\/div>\n\t\t\t\t\t\t<\/div>\n\t\t\t\t<\/div>\n\t\t\t\t\t<\/div>\n\t\t<\/div>\n\t\t\t\t\t<\/div>\n\t\t<\/section>\n\t\t\t\t<section class=\"elementor-section elementor-top-section elementor-element elementor-element-72632e4 elementor-section-boxed elementor-section-height-default elementor-section-height-default\" data-id=\"72632e4\" data-element_type=\"section\" data-e-type=\"section\">\n\t\t\t\t\t\t<div class=\"elementor-container elementor-column-gap-default\">\n\t\t\t\t\t<div class=\"elementor-column elementor-col-100 elementor-top-column elementor-element elementor-element-228e7d5\" data-id=\"228e7d5\" data-element_type=\"column\" data-e-type=\"column\">\n\t\t\t<div class=\"elementor-widget-wrap elementor-element-populated\">\n\t\t\t\t\t\t<div class=\"elementor-element elementor-element-85af8fa elementor-widget elementor-widget-heading\" data-id=\"85af8fa\" data-element_type=\"widget\" data-e-type=\"widget\" data-widget_type=\"heading.default\">\n\t\t\t\t<div class=\"elementor-widget-container\">\n\t\t\t\t\t<h2 class=\"elementor-heading-title elementor-size-default\">Nachrichten<\/h2>\t\t\t\t<\/div>\n\t\t\t\t<\/div>\n\t\t\t\t<div class=\"elementor-element elementor-element-f6e8ea0 elementor-posts--align-left animated-fast elementor-grid-3 elementor-grid-tablet-2 elementor-grid-mobile-1 elementor-posts--thumbnail-top elementor-card-shadow-yes elementor-posts__hover-gradient elementor-invisible elementor-widget elementor-widget-posts\" data-id=\"f6e8ea0\" data-element_type=\"widget\" data-e-type=\"widget\" data-settings=\"{&quot;_animation&quot;:&quot;fadeIn&quot;,&quot;cards_columns&quot;:&quot;3&quot;,&quot;cards_columns_tablet&quot;:&quot;2&quot;,&quot;cards_columns_mobile&quot;:&quot;1&quot;,&quot;cards_row_gap&quot;:{&quot;unit&quot;:&quot;px&quot;,&quot;size&quot;:35,&quot;sizes&quot;:[]},&quot;cards_row_gap_tablet&quot;:{&quot;unit&quot;:&quot;px&quot;,&quot;size&quot;:&quot;&quot;,&quot;sizes&quot;:[]},&quot;cards_row_gap_mobile&quot;:{&quot;unit&quot;:&quot;px&quot;,&quot;size&quot;:&quot;&quot;,&quot;sizes&quot;:[]}}\" data-widget_type=\"posts.cards\">\n\t\t\t\t<div class=\"elementor-widget-container\">\n\t\t\t\t\t\t\t<div class=\"elementor-posts-container elementor-posts elementor-posts--skin-cards elementor-grid\" role=\"list\">\n\t\t\t\t<article class=\"elementor-post elementor-grid-item post-6455 post type-post status-publish format-standard has-post-thumbnail hentry category-news\" role=\"listitem\">\n\t\t\t<div class=\"elementor-post__card\">\n\t\t\t\t<a class=\"elementor-post__thumbnail__link\" href=\"https:\/\/mobitron.com\/de\/news\/holiday-closure-notice\/\" tabindex=\"-1\"><div class=\"elementor-post__thumbnail\"><img decoding=\"async\" width=\"300\" height=\"150\" src=\"https:\/\/mobitron.com\/wp-content\/uploads\/2025\/11\/Winter-holiday-card-300x150.png\" class=\"attachment-medium size-medium wp-image-6459\" alt=\"\" srcset=\"https:\/\/mobitron.com\/wp-content\/uploads\/2025\/11\/Winter-holiday-card-300x150.png 300w, https:\/\/mobitron.com\/wp-content\/uploads\/2025\/11\/Winter-holiday-card-1024x512.png 1024w, https:\/\/mobitron.com\/wp-content\/uploads\/2025\/11\/Winter-holiday-card-768x384.png 768w, https:\/\/mobitron.com\/wp-content\/uploads\/2025\/11\/Winter-holiday-card-18x9.png 18w, https:\/\/mobitron.com\/wp-content\/uploads\/2025\/11\/Winter-holiday-card-600x300.png 600w, https:\/\/mobitron.com\/wp-content\/uploads\/2025\/11\/Winter-holiday-card-64x32.png 64w, https:\/\/mobitron.com\/wp-content\/uploads\/2025\/11\/Winter-holiday-card.png 1200w\" sizes=\"(max-width: 300px) 100vw, 300px\" \/><\/div><\/a>\n\t\t\t\t<div class=\"elementor-post__text\">\n\t\t\t\t<h3 class=\"elementor-post__title\">\n\t\t\t<a href=\"https:\/\/mobitron.com\/de\/news\/holiday-closure-notice\/\">\n\t\t\t\tMitteilung \u00fcber die Schlie\u00dfung an Feiertagen\t\t\t<\/a>\n\t\t<\/h3>\n\t\t\t\t<div class=\"elementor-post__excerpt\">\n\t\t\t<p>Bitte beachten Sie, dass unser B\u00fcro vom 23. Dezember 2025 bis zum 7. Januar 2026 wegen der bevorstehenden Weihnachts- und Neujahrsfeiertage geschlossen sein wird.<\/p>\n\t\t<\/div>\n\t\t\t\t<\/div>\n\t\t\t\t<div class=\"elementor-post__meta-data\">\n\t\t\t\t\t<span class=\"elementor-post-date\">\n\t\t\tNovember 13, 2025\t\t<\/span>\n\t\t\t\t<\/div>\n\t\t\t\t\t<\/div>\n\t\t<\/article>\n\t\t\t\t<article class=\"elementor-post elementor-grid-item post-6183 post type-post status-publish format-standard has-post-thumbnail hentry category-news\" role=\"listitem\">\n\t\t\t<div class=\"elementor-post__card\">\n\t\t\t\t<a class=\"elementor-post__thumbnail__link\" href=\"https:\/\/mobitron.com\/de\/news\/summer-2025-were-open-all-summer\/\" tabindex=\"-1\"><div class=\"elementor-post__thumbnail\"><img fetchpriority=\"high\" decoding=\"async\" width=\"300\" height=\"200\" src=\"https:\/\/mobitron.com\/wp-content\/uploads\/2023\/04\/Midsummer_flowers-300x200.png\" class=\"attachment-medium size-medium wp-image-4188\" alt=\"Mittsommerblumen\" srcset=\"https:\/\/mobitron.com\/wp-content\/uploads\/2023\/04\/Midsummer_flowers-300x200.png 300w, https:\/\/mobitron.com\/wp-content\/uploads\/2023\/04\/Midsummer_flowers-1024x683.png 1024w, https:\/\/mobitron.com\/wp-content\/uploads\/2023\/04\/Midsummer_flowers-768x512.png 768w, https:\/\/mobitron.com\/wp-content\/uploads\/2023\/04\/Midsummer_flowers-1536x1025.png 1536w, https:\/\/mobitron.com\/wp-content\/uploads\/2023\/04\/Midsummer_flowers-600x400.png 600w, https:\/\/mobitron.com\/wp-content\/uploads\/2023\/04\/Midsummer_flowers-64x43.png 64w, https:\/\/mobitron.com\/wp-content\/uploads\/2023\/04\/Midsummer_flowers.png 1920w\" sizes=\"(max-width: 300px) 100vw, 300px\" \/><\/div><\/a>\n\t\t\t\t<div class=\"elementor-post__text\">\n\t\t\t\t<h3 class=\"elementor-post__title\">\n\t\t\t<a href=\"https:\/\/mobitron.com\/de\/news\/summer-2025-were-open-all-summer\/\">\n\t\t\t\tSommer 2025 - Wir haben den ganzen Sommer \u00fcber ge\u00f6ffnet!\t\t\t<\/a>\n\t\t<\/h3>\n\t\t\t\t<div class=\"elementor-post__excerpt\">\n\t\t\t<p>Mobitron bleibt den ganzen Sommer \u00fcber ge\u00f6ffnet, mit eingeschr\u00e4nkter Unterst\u00fctzung und Lieferkapazit\u00e4t vom 7. Juli bis 15. August.<\/p>\n\t\t<\/div>\n\t\t\t\t<\/div>\n\t\t\t\t<div class=\"elementor-post__meta-data\">\n\t\t\t\t\t<span class=\"elementor-post-date\">\n\t\t\tJuni 24, 2025\t\t<\/span>\n\t\t\t\t<\/div>\n\t\t\t\t\t<\/div>\n\t\t<\/article>\n\t\t\t\t<article class=\"elementor-post elementor-grid-item post-5479 post type-post status-publish format-standard has-post-thumbnail hentry category-knowledge-bank\" role=\"listitem\">\n\t\t\t<div class=\"elementor-post__card\">\n\t\t\t\t<a class=\"elementor-post__thumbnail__link\" href=\"https:\/\/mobitron.com\/de\/knowledge-bank\/monitor-the-shipments-for-disproportionate-impacts-that-cause-damage\/\" tabindex=\"-1\"><div class=\"elementor-post__thumbnail\"><img decoding=\"async\" width=\"300\" height=\"200\" src=\"https:\/\/mobitron.com\/wp-content\/uploads\/2024\/08\/warehouse-engineer-working-at-container-yard-2023-11-27-05-20-13-utc-1-300x200.jpg\" class=\"attachment-medium size-medium wp-image-5480\" alt=\"Lagertechniker auf dem Containerplatz 2023 11 27 05 20 13 utc 1 skaliert\" srcset=\"https:\/\/mobitron.com\/wp-content\/uploads\/2024\/08\/warehouse-engineer-working-at-container-yard-2023-11-27-05-20-13-utc-1-300x200.jpg 300w, https:\/\/mobitron.com\/wp-content\/uploads\/2024\/08\/warehouse-engineer-working-at-container-yard-2023-11-27-05-20-13-utc-1-1024x683.jpg 1024w, https:\/\/mobitron.com\/wp-content\/uploads\/2024\/08\/warehouse-engineer-working-at-container-yard-2023-11-27-05-20-13-utc-1-768x512.jpg 768w, https:\/\/mobitron.com\/wp-content\/uploads\/2024\/08\/warehouse-engineer-working-at-container-yard-2023-11-27-05-20-13-utc-1-1536x1024.jpg 1536w, https:\/\/mobitron.com\/wp-content\/uploads\/2024\/08\/warehouse-engineer-working-at-container-yard-2023-11-27-05-20-13-utc-1-2048x1365.jpg 2048w, https:\/\/mobitron.com\/wp-content\/uploads\/2024\/08\/warehouse-engineer-working-at-container-yard-2023-11-27-05-20-13-utc-1-600x400.jpg 600w, https:\/\/mobitron.com\/wp-content\/uploads\/2024\/08\/warehouse-engineer-working-at-container-yard-2023-11-27-05-20-13-utc-1-64x43.jpg 64w, https:\/\/mobitron.com\/wp-content\/uploads\/2024\/08\/warehouse-engineer-working-at-container-yard-2023-11-27-05-20-13-utc-1-scaled.jpg 1920w\" sizes=\"(max-width: 300px) 100vw, 300px\" \/><\/div><\/a>\n\t\t\t\t<div class=\"elementor-post__text\">\n\t\t\t\t<h3 class=\"elementor-post__title\">\n\t\t\t<a href=\"https:\/\/mobitron.com\/de\/knowledge-bank\/monitor-the-shipments-for-disproportionate-impacts-that-cause-damage\/\">\n\t\t\t\t\u00dcberwachung der Transporte auf unverh\u00e4ltnism\u00e4\u00dfige Auswirkungen, die Sch\u00e4den verursachen\u00a0\t\t\t<\/a>\n\t\t<\/h3>\n\t\t\t\t<div class=\"elementor-post__excerpt\">\n\t\t\t<p>\u00dcberwachen Sie die Sendungen auf unverh\u00e4ltnism\u00e4\u00dfige Einwirkungen, die Sch\u00e4den an Ihrem Container verursachen, und ermitteln Sie, wer die Waren in Verwahrung hatte.<\/p>\n\t\t<\/div>\n\t\t\t\t<\/div>\n\t\t\t\t<div class=\"elementor-post__meta-data\">\n\t\t\t\t\t<span class=\"elementor-post-date\">\n\t\t\tM\u00e4rz 8, 2025\t\t<\/span>\n\t\t\t\t<\/div>\n\t\t\t\t\t<\/div>\n\t\t<\/article>\n\t\t\t\t<\/div>\n\t\t\n\t\t\t\t\t\t<\/div>\n\t\t\t\t<\/div>\n\t\t\t\t\t<\/div>\n\t\t<\/div>\n\t\t\t\t\t<\/div>\n\t\t<\/section>\n\t\t\t\t<\/div>","protected":false},"excerpt":{"rendered":"<p>Contact us Feel free to reach out to us using the form below. We&#8217;re eager to share our expertise and assist you in discovering the ideal solution for your needs. To save time, check if your question has already been addressed in our Frequently Asked Questions (FAQ) section before submitting your inquiry FAQ Distributors Mail [&hellip;]<\/p>\n","protected":false},"author":2,"featured_media":0,"parent":0,"menu_order":0,"comment_status":"closed","ping_status":"closed","template":"elementor_header_footer","meta":{"_acf_changed":false,"content-type":"","inline_featured_image":false,"footnotes":""},"class_list":["post-72","page","type-page","status-publish","hentry"],"acf":[],"_links":{"self":[{"href":"https:\/\/mobitron.com\/de\/wp-json\/wp\/v2\/pages\/72","targetHints":{"allow":["GET"]}}],"collection":[{"href":"https:\/\/mobitron.com\/de\/wp-json\/wp\/v2\/pages"}],"about":[{"href":"https:\/\/mobitron.com\/de\/wp-json\/wp\/v2\/types\/page"}],"author":[{"embeddable":true,"href":"https:\/\/mobitron.com\/de\/wp-json\/wp\/v2\/users\/2"}],"replies":[{"embeddable":true,"href":"https:\/\/mobitron.com\/de\/wp-json\/wp\/v2\/comments?post=72"}],"version-history":[{"count":57,"href":"https:\/\/mobitron.com\/de\/wp-json\/wp\/v2\/pages\/72\/revisions"}],"predecessor-version":[{"id":6472,"href":"https:\/\/mobitron.com\/de\/wp-json\/wp\/v2\/pages\/72\/revisions\/6472"}],"wp:attachment":[{"href":"https:\/\/mobitron.com\/de\/wp-json\/wp\/v2\/media?parent=72"}],"curies":[{"name":"wp","href":"https:\/\/api.w.org\/{rel}","templated":true}]}}